{"id":7148,"date":"2020-07-08T14:49:07","date_gmt":"2020-07-08T12:49:07","guid":{"rendered":"https:\/\/comagrav.com\/software\/"},"modified":"2023-04-24T15:09:30","modified_gmt":"2023-04-24T13:09:30","slug":"software","status":"publish","type":"page","link":"https:\/\/comagrav.com\/it\/software\/","title":{"rendered":"Software"},"content":{"rendered":"\n<section class=\"wp-block-comagravblocks-text-with-media alignwide text-with-image is-style-transparent\"><div class=\"inner\"><div class=\"row__wrap\"><div class=\"row flex--v-center row--l-col-reverse\"><div class=\"col col--11 col--l-24\"><div class=\"text-with-image__content text-with-image--with-background__content\">\n<h3 class=\"wp-block-heading\">Forniamo le attrezzature CNC COMAGRAV con una soluzione software completa.<\/h3>\n\n\n\n<p>Tutti i software per le lavorazioni 2D e 3D e per la realizzazione di packaging e POS. Offriamo soluzioni per la lavorazione del legno, materiali in rotoli, pelle, tessuti, materiali plastici, termoformatura, fresatura e molto altro.<\/p>\n\n\n\n<p>Preparazione dei tracciati per l&#8217;incisione e il taglio\u00a0<a href=\"https:\/\/www.vectric.com\/\" target=\"_blank\" rel=\"noreferrer noopener\">Vectric<\/a><\/p>\n\n\n\n<p>Programmi per il RIP, preparazione della stampa e il taglio delle grafiche\u00a0<a href=\"https:\/\/www.thinksai.com\/en-eu\/products\/flexi\" target=\"_blank\" rel=\"noreferrer noopener\">SAi Flexi<\/a><\/p>\n\n\n\n<p>Programmi per la creazione di scatole, totem\u00a0<a href=\"https:\/\/www.thinksai.com\/en-eu\/products\/box-and-display\/\" target=\"_blank\" rel=\"noreferrer noopener\">SAi Flexi Display&amp;Box<\/a><\/p>\n\n\n\n<p>Programmi per la creazione di scatole, totem\u00a0<a href=\"https:\/\/www.agcad.co.uk\/software\/kasemake-packaging-design-software\/\" target=\"_blank\" rel=\"noreferrer noopener\">AG\/CAD Kasemake<\/a><\/p>\n<\/div><\/div><div class=\"col col--13 col--l-24\"><div class=\"remote_video\"><iframe loading=\"lazy\" type=\"text\/html\" width=\"120\" height=\"90\" src=\"https:\/\/www.youtube.com\/embed\/playlist?list=PLxntkE5NBm5dSu6Hq2MkLxCLLopesi2KM&#038;rel=0%5C&#038;enablejsapi=1\" frameborder=\"0\" style=\"width: 100%; height: 100%; display: block;\"><\/iframe><\/div><\/div><\/div><\/div><\/div><\/section>\n\n\n\n<section class=\"alignwide quote\"><div class=\"inner\"><div class=\"row\"><div class=\"col col--16 col--l-24 col--offset-4 col--l-offset-0\"><h2 class=\"h1 quote__text\">COMAGRAV supporta la maggior parte dei software RIP per la stampa digitale, il taglio delle stampe sar\u00e0 questione di secondi.<\/h2><\/div><\/div><\/div><\/section>\n\n\n\n<section class=\"wp-block-comagravblocks-text-with-media alignwide text-with-image text-with-image--with-background text-with-image--light text-with-image--reverse is-style-default\"><div class=\"inner\"><div class=\"row__wrap\"><div class=\"row flex--v-center row--l-col-reverse\"><div class=\"col col--11 col--l-24\"><div class=\"text-with-image__content text-with-image--with-background__content\">\n<h3 class=\"wp-block-heading\">Software di controllo COMAGRAV PILOT TDP<\/h3>\n\n\n\n<p>Il controller delle attrezzature COMAGRAV \u00e8 costantemente migliorato, aumentandone la flessibilit\u00e0. Si possono equipaggiare le macchine con qualsiasi modulo, senza richiedere programmi addizzionali.<\/p>\n<\/div><\/div><div class=\"col col--13 col--l-24\"><img loading=\"lazy\" decoding=\"async\" src=\"https:\/\/comagrav.com\/wp-content\/uploads\/2020\/07\/modules-medium-DETAIL-HLAVY.jpg\" alt=\"\" width=\"1086\" height=\"768\"\/><\/div><\/div><\/div><\/div><\/section>\n\n\n\n<section class=\"wp-block-comagravblocks-text-with-media alignwide text-with-image text-with-image--with-background text-with-image--light\"><div class=\"inner\"><div class=\"row__wrap\"><div class=\"row flex--v-center row--l-col-reverse\"><div class=\"col col--11 col--l-24\"><div class=\"text-with-image__content text-with-image--with-background__content\">\n<h2 class=\"wp-block-heading\"><\/h2>\n\n\n\n<p>Il PILOT TDP contiene librerie dei materiali e utensili, l&#8217;operatore selezioner\u00e0 semplicemente l&#8217;utensile dalle librerie e comincier\u00e0 direttamente il taglio.<\/p>\n\n\n\n<p>Questa innovazione diminuisce la qualifica richiesta all&#8217;operatore e aumenta la velocit\u00e0 delle operzaioni.<\/p>\n<\/div><\/div><div class=\"col col--13 col--l-24\"><img decoding=\"async\" src=\"https:\/\/comagrav.com\/wp-content\/uploads\/2020\/07\/databaze.jpg\" alt=\"\"\/><\/div><\/div><\/div><\/div><\/section>\n\n\n\n<p><\/p>\n\n\n\n<section class=\"alignwide quote\"><div class=\"inner\"><div class=\"row\"><div class=\"col col--16 col--l-24 col--offset-4 col--l-offset-0\"><h2 class=\"h1 quote__text\">Come parte della consegna della nuova macchina, l&#8217;installazione completa comprende  la formazione sul software di controllo, l&#8217;uso e la manutenzione ordinaria della macchina. Forniamo formazione in presenza o online tramite TeamViewer. Un efficace servizio di assistenza on &#8211; line viene fornito GRATUITAMENTE e siamo a vs. disposizione per corsi di formazione aggiuntivi  sia on-line che on-site a preventivo<\/h2><\/div><\/div><\/div><\/section>\n\n\n\n<section class=\"wp-block-comagravblocks-text-with-media alignwide text-with-image text-with-image--with-background text-with-image--light\"><div class=\"inner\"><div class=\"row__wrap\"><div class=\"row flex--v-center row--l-col-reverse\"><div class=\"col col--11 col--l-24\"><div class=\"text-with-image__content text-with-image--with-background__content\">\n<h3 class=\"wp-block-heading\">Sistema di telecamera automatico integrato<\/h3>\n\n\n\n<p>L&#8217;ampio raggio visivo del sistema di acquisizione permette un&#8217;acquisizione rapida e automatica di crocini di registro e codici QR, entrambi indipendentemente che siano posti su materieali in lastra, oppure materiali tessili. I codici QR contengono tutti i dati per il taglio, dopo la lettura automatica la macchina taglier\u00e0 il file con i parametri impostati. Questa \u00e8 un&#8217;operazione che permette ai nostri clienti di lasciare lavorare la macchina senza la necessit\u00e0 di avere un operatore presente. Nelle lavorazioni con srotolatori automatici, o con tavoli di carico automatici, permette al cliente un taglio continuo senza la necessit\u00e0 di assistenza dell&#8217;operatore.<\/p>\n<\/div><\/div><div class=\"col col--13 col--l-24\"><img loading=\"lazy\" decoding=\"async\" src=\"https:\/\/comagrav.com\/wp-content\/uploads\/2020\/07\/Kamerov\u00fd-syst\u00e9m-\u010dten\u00ed-referen\u010dn\u00edch-zna\u010dek-a-QR-k\u00f3du-1-scaled.jpg\" alt=\"\" width=\"2560\" height=\"1707\"\/><\/div><\/div><\/div><\/div><\/section>\n\n\n\n<section class=\"wp-block-comagravblocks-text-with-media alignwide text-with-image text-with-image--with-background text-with-image--light\"><div class=\"inner\"><div class=\"row__wrap\"><div class=\"row flex--v-center row--l-col-reverse\"><div class=\"col col--11 col--l-24\"><div class=\"text-with-image__content text-with-image--with-background__content\">\n<h3 class=\"wp-block-heading\">Un unico software COMAGRAV PILOT TDP per tutte le necessit\u00e0<\/h3>\n\n\n\n<p>Il sistema di coordinate relativo alla punto d&#8217;inizio x-0 e y-0 \u00e8 posto nell&#8217;angolo del piano della macchina, un punto d&#8217;inizio definito fa s\u00ec che l&#8217;operatore conosca dove caricare il materiale. Grazie a questo, il sistema di riconoscimento e il lettore di codici QR, cercheranno in automatico la posizione del file e del relativo codice, dove vi saranno contenute tutte le informazioni per la lavorazione. Non sar\u00e0 richiesta nessuna operazione aggiuntiva.<\/p>\n<\/div><\/div><div class=\"col col--13 col--l-24\"><img loading=\"lazy\" decoding=\"async\" src=\"https:\/\/comagrav.com\/wp-content\/uploads\/2020\/07\/COMAGRAV-new-design-1.jpg\" alt=\"\" width=\"1500\" height=\"800\"\/><\/div><\/div><\/div><\/div><\/section>\n","protected":false},"excerpt":{"rendered":"","protected":false},"author":1,"featured_media":0,"parent":0,"menu_order":0,"comment_status":"closed","ping_status":"closed","template":"","meta":{"_acf_changed":false,"footnotes":""},"class_list":["post-7148","page","type-page","status-publish","hentry"],"acf":[],"yoast_head":"<!-- This site is optimized with the Yoast SEO plugin v27.3 - https:\/\/yoast.com\/product\/yoast-seo-wordpress\/ -->\n<title>Software - Comagrav<\/title>\n<meta name=\"description\" content=\"We supply COMAGRAV CNC machines with a complete software solution. COMAGRAV TDP PILOT control software.\" \/>\n<meta name=\"robots\" content=\"index, follow, max-snippet:-1, max-image-preview:large, max-video-preview:-1\" \/>\n<link rel=\"canonical\" href=\"https:\/\/comagrav.com\/it\/software\/\" \/>\n<meta property=\"og:locale\" content=\"it_IT\" \/>\n<meta property=\"og:type\" content=\"article\" \/>\n<meta property=\"og:title\" content=\"Software - Comagrav\" \/>\n<meta property=\"og:description\" content=\"We supply COMAGRAV CNC machines with a complete software solution. COMAGRAV TDP PILOT control software.\" \/>\n<meta property=\"og:url\" content=\"https:\/\/comagrav.com\/it\/software\/\" \/>\n<meta property=\"og:site_name\" content=\"Comagrav\" \/>\n<meta property=\"article:publisher\" content=\"https:\/\/www.facebook.com\/COMAGRAV\" \/>\n<meta property=\"article:modified_time\" content=\"2023-04-24T13:09:30+00:00\" \/>\n<meta property=\"og:image\" content=\"https:\/\/comagrav.com\/wp-content\/uploads\/2020\/07\/modules-medium-DETAIL-HLAVY.jpg\" \/>\n<meta name=\"twitter:card\" content=\"summary_large_image\" \/>\n<meta name=\"twitter:label1\" content=\"Tempo di lettura stimato\" \/>\n\t<meta name=\"twitter:data1\" content=\"3 minuti\" \/>\n<script type=\"application\/ld+json\" class=\"yoast-schema-graph\">{\"@context\":\"https:\\\/\\\/schema.org\",\"@graph\":[{\"@type\":\"WebPage\",\"@id\":\"https:\\\/\\\/comagrav.com\\\/it\\\/software\\\/\",\"url\":\"https:\\\/\\\/comagrav.com\\\/it\\\/software\\\/\",\"name\":\"Software - Comagrav\",\"isPartOf\":{\"@id\":\"https:\\\/\\\/comagrav.com\\\/it\\\/#website\"},\"primaryImageOfPage\":{\"@id\":\"https:\\\/\\\/comagrav.com\\\/it\\\/software\\\/#primaryimage\"},\"image\":{\"@id\":\"https:\\\/\\\/comagrav.com\\\/it\\\/software\\\/#primaryimage\"},\"thumbnailUrl\":\"https:\\\/\\\/comagrav.com\\\/wp-content\\\/uploads\\\/2020\\\/07\\\/modules-medium-DETAIL-HLAVY.jpg\",\"datePublished\":\"2020-07-08T12:49:07+00:00\",\"dateModified\":\"2023-04-24T13:09:30+00:00\",\"description\":\"We supply COMAGRAV CNC machines with a complete software solution. COMAGRAV TDP PILOT control software.\",\"inLanguage\":\"it-IT\",\"potentialAction\":[{\"@type\":\"ReadAction\",\"target\":[\"https:\\\/\\\/comagrav.com\\\/it\\\/software\\\/\"]}]},{\"@type\":\"ImageObject\",\"inLanguage\":\"it-IT\",\"@id\":\"https:\\\/\\\/comagrav.com\\\/it\\\/software\\\/#primaryimage\",\"url\":\"https:\\\/\\\/comagrav.com\\\/wp-content\\\/uploads\\\/2020\\\/07\\\/modules-medium-DETAIL-HLAVY.jpg\",\"contentUrl\":\"https:\\\/\\\/comagrav.com\\\/wp-content\\\/uploads\\\/2020\\\/07\\\/modules-medium-DETAIL-HLAVY.jpg\"},{\"@type\":\"WebSite\",\"@id\":\"https:\\\/\\\/comagrav.com\\\/it\\\/#website\",\"url\":\"https:\\\/\\\/comagrav.com\\\/it\\\/\",\"name\":\"Comagrav\",\"description\":\"\",\"publisher\":{\"@id\":\"https:\\\/\\\/comagrav.com\\\/it\\\/#organization\"},\"potentialAction\":[{\"@type\":\"SearchAction\",\"target\":{\"@type\":\"EntryPoint\",\"urlTemplate\":\"https:\\\/\\\/comagrav.com\\\/it\\\/?s={search_term_string}\"},\"query-input\":{\"@type\":\"PropertyValueSpecification\",\"valueRequired\":true,\"valueName\":\"search_term_string\"}}],\"inLanguage\":\"it-IT\"},{\"@type\":\"Organization\",\"@id\":\"https:\\\/\\\/comagrav.com\\\/it\\\/#organization\",\"name\":\"COMAGRAV CNC machines\",\"url\":\"https:\\\/\\\/comagrav.com\\\/it\\\/\",\"logo\":{\"@type\":\"ImageObject\",\"inLanguage\":\"it-IT\",\"@id\":\"https:\\\/\\\/comagrav.com\\\/it\\\/#\\\/schema\\\/logo\\\/image\\\/\",\"url\":\"https:\\\/\\\/comagrav.com\\\/wp-content\\\/uploads\\\/2020\\\/07\\\/logo.svg\",\"contentUrl\":\"https:\\\/\\\/comagrav.com\\\/wp-content\\\/uploads\\\/2020\\\/07\\\/logo.svg\",\"caption\":\"COMAGRAV CNC machines\"},\"image\":{\"@id\":\"https:\\\/\\\/comagrav.com\\\/it\\\/#\\\/schema\\\/logo\\\/image\\\/\"},\"sameAs\":[\"https:\\\/\\\/www.facebook.com\\\/COMAGRAV\"]}]}<\/script>\n<!-- \/ Yoast SEO plugin. -->","yoast_head_json":{"title":"Software - Comagrav","description":"We supply COMAGRAV CNC machines with a complete software solution. COMAGRAV TDP PILOT control software.","robots":{"index":"index","follow":"follow","max-snippet":"max-snippet:-1","max-image-preview":"max-image-preview:large","max-video-preview":"max-video-preview:-1"},"canonical":"https:\/\/comagrav.com\/it\/software\/","og_locale":"it_IT","og_type":"article","og_title":"Software - Comagrav","og_description":"We supply COMAGRAV CNC machines with a complete software solution. COMAGRAV TDP PILOT control software.","og_url":"https:\/\/comagrav.com\/it\/software\/","og_site_name":"Comagrav","article_publisher":"https:\/\/www.facebook.com\/COMAGRAV","article_modified_time":"2023-04-24T13:09:30+00:00","og_image":[{"url":"https:\/\/comagrav.com\/wp-content\/uploads\/2020\/07\/modules-medium-DETAIL-HLAVY.jpg","type":"","width":"","height":""}],"twitter_card":"summary_large_image","twitter_misc":{"Tempo di lettura stimato":"3 minuti"},"schema":{"@context":"https:\/\/schema.org","@graph":[{"@type":"WebPage","@id":"https:\/\/comagrav.com\/it\/software\/","url":"https:\/\/comagrav.com\/it\/software\/","name":"Software - Comagrav","isPartOf":{"@id":"https:\/\/comagrav.com\/it\/#website"},"primaryImageOfPage":{"@id":"https:\/\/comagrav.com\/it\/software\/#primaryimage"},"image":{"@id":"https:\/\/comagrav.com\/it\/software\/#primaryimage"},"thumbnailUrl":"https:\/\/comagrav.com\/wp-content\/uploads\/2020\/07\/modules-medium-DETAIL-HLAVY.jpg","datePublished":"2020-07-08T12:49:07+00:00","dateModified":"2023-04-24T13:09:30+00:00","description":"We supply COMAGRAV CNC machines with a complete software solution. COMAGRAV TDP PILOT control software.","inLanguage":"it-IT","potentialAction":[{"@type":"ReadAction","target":["https:\/\/comagrav.com\/it\/software\/"]}]},{"@type":"ImageObject","inLanguage":"it-IT","@id":"https:\/\/comagrav.com\/it\/software\/#primaryimage","url":"https:\/\/comagrav.com\/wp-content\/uploads\/2020\/07\/modules-medium-DETAIL-HLAVY.jpg","contentUrl":"https:\/\/comagrav.com\/wp-content\/uploads\/2020\/07\/modules-medium-DETAIL-HLAVY.jpg"},{"@type":"WebSite","@id":"https:\/\/comagrav.com\/it\/#website","url":"https:\/\/comagrav.com\/it\/","name":"Comagrav","description":"","publisher":{"@id":"https:\/\/comagrav.com\/it\/#organization"},"potentialAction":[{"@type":"SearchAction","target":{"@type":"EntryPoint","urlTemplate":"https:\/\/comagrav.com\/it\/?s={search_term_string}"},"query-input":{"@type":"PropertyValueSpecification","valueRequired":true,"valueName":"search_term_string"}}],"inLanguage":"it-IT"},{"@type":"Organization","@id":"https:\/\/comagrav.com\/it\/#organization","name":"COMAGRAV CNC machines","url":"https:\/\/comagrav.com\/it\/","logo":{"@type":"ImageObject","inLanguage":"it-IT","@id":"https:\/\/comagrav.com\/it\/#\/schema\/logo\/image\/","url":"https:\/\/comagrav.com\/wp-content\/uploads\/2020\/07\/logo.svg","contentUrl":"https:\/\/comagrav.com\/wp-content\/uploads\/2020\/07\/logo.svg","caption":"COMAGRAV CNC machines"},"image":{"@id":"https:\/\/comagrav.com\/it\/#\/schema\/logo\/image\/"},"sameAs":["https:\/\/www.facebook.com\/COMAGRAV"]}]}},"_links":{"self":[{"href":"https:\/\/comagrav.com\/it\/wp-json\/wp\/v2\/pages\/7148","targetHints":{"allow":["GET"]}}],"collection":[{"href":"https:\/\/comagrav.com\/it\/wp-json\/wp\/v2\/pages"}],"about":[{"href":"https:\/\/comagrav.com\/it\/wp-json\/wp\/v2\/types\/page"}],"author":[{"embeddable":true,"href":"https:\/\/comagrav.com\/it\/wp-json\/wp\/v2\/users\/1"}],"replies":[{"embeddable":true,"href":"https:\/\/comagrav.com\/it\/wp-json\/wp\/v2\/comments?post=7148"}],"version-history":[{"count":2,"href":"https:\/\/comagrav.com\/it\/wp-json\/wp\/v2\/pages\/7148\/revisions"}],"predecessor-version":[{"id":8052,"href":"https:\/\/comagrav.com\/it\/wp-json\/wp\/v2\/pages\/7148\/revisions\/8052"}],"wp:attachment":[{"href":"https:\/\/comagrav.com\/it\/wp-json\/wp\/v2\/media?parent=7148"}],"curies":[{"name":"wp","href":"https:\/\/api.w.org\/{rel}","templated":true}]}}