{"id":7146,"date":"2020-09-07T16:21:14","date_gmt":"2020-09-07T14:21:14","guid":{"rendered":"https:\/\/comagrav.com\/gdpr\/"},"modified":"2023-04-24T15:06:24","modified_gmt":"2023-04-24T13:06:24","slug":"gdpr","status":"publish","type":"page","link":"https:\/\/comagrav.com\/it\/gdpr\/","title":{"rendered":"Informativa sulla privacy e utilizzo dei cookie"},"content":{"rendered":"\n<p class=\"has-large-font-size\"><strong><strong>Informativa sulla privacy e utilizzo dei cookie<\/strong><\/strong><\/p>\n\n\n\n<p>In questa pagina troverai informazioni su come trattiamo i dati personali dei nostri clienti, visitatori del sito web e abbonati alle notizie e su come utilizziamo i cookie. Per noi \u00e8 molto importante proteggere i tuoi dati ed \u00e8 per questo che li elaboriamo in conformit\u00e0 con le normative legali valide e rispetto.<\/p>\n\n\n\n<p><strong>Chi \u00e8 l&#8217;amministratore dei dati personali?<\/strong><\/p>\n\n\n\n<p>L&#8217;amministratore dei tuoi dati personali \u00e8 Comac, spol. s r.o., I\u010c 15887111, Jeremenkova 763\/88, Praga 4, 14000, registrata presso il tribunale municipale di Praga con il numero di fascicolo C 1020. In qualit\u00e0 di amministratori, determiniamo come verranno trattati i dati personali, per quale scopo e per quanto tempo, e selezioniamo qualsiasi altra entit\u00e0 che ci assister\u00e0 nell&#8217;elaborazione.<\/p>\n\n\n\n<p><strong>Quali dati personali trattiamo?<\/strong><\/p>\n\n\n\n<p>Otteniamo i dati personali con le visite al nostro sito Web, compilando il modulo di contatto o iscrivendoti alle newsletters, nonch\u00e9 sulla base dell&#8217;interesse per i nostri beni o servizi o per affari e altre partnership.<\/p>\n\n\n\n<p><strong>Elaboriamo:<\/strong><\/p>\n\n\n\n<p>nome e cognome,<br>nome, indirizzo , numero di identificazione e partita IVA della societ\u00e0 commerciale,<br>email di contatto e numero di telefono.<\/p>\n\n\n\n<p><strong>Per quale scopo trattiamo i tuoi dati personali?<\/strong><\/p>\n\n\n\n<p>Elaboriamo i dati personali che ci affidate per i seguenti motivi:<\/p>\n\n\n\n<ul class=\"wp-block-list\"><li>rispondere alle vostre domande e richieste,<\/li><li>prestazione di servizi, adempimento di contratti,<\/li><li>tenuta della contabilit\u00e0, obbligo legale di emettere e registrare documenti fiscali se siete nostri clienti o partner commerciali,<\/li><li>marketing diretto &#8211; invio di newsletter e messaggi commerciali, analisi di ci\u00f2 su cui fai clic nelle e-mail e quando le apri pi\u00f9 spesso. Se sei un nostro cliente, hai mostrato interesse per i nostri servizi o prodotti in passato, o se sei un nostro partner commerciale, lo facciamo per legittimo interesse, in quanto presumiamo ragionevolmente che tu sia interessato alle nostre notizie per 10 anni dall&#8217;ultimo contatto. Inoltre, potremmo inviarti newsletter solo con il tuo consenso, per un periodo di 10 anni dalla data di approvazione. In entrambi i casi, puoi revocare questo consenso utilizzando il link di annullamento dell&#8217;iscrizione presente in ogni newsletter.<\/li><li>marketing avanzato &#8211; in base al tuo consenso, possiamo anche inviarti offerte stimolanti da terze parti o utilizzare un indirizzo e-mail, ad esempio, per il remarketing e il targeting pubblicitario su Facebook, per un periodo di 10 anni dall&#8217;approvazione. Questo pu\u00f2, ovviamente, essere revocato in qualsiasi momento tramite i nostri dati di contatto.<\/li><li>documentazione fotografica &#8211; eventi (fiere, open day, ecc.), fotografie fornite dai clienti a scopo promozionale. Conserviamo i tuoi dati personali per la durata dei termini di prescrizione, a meno che la legge non preveda un periodo pi\u00f9 lungo per la loro conservazione o non abbiamo stabilito diversamente in casi specifici.<\/li><\/ul>\n\n\n\n<p><strong>Come utilizziamo i cookie?<\/strong><\/p>\n\n\n\n<p>Durante la navigazione nel nostro sito Web, registriamo il tuo indirizzo IP, quanto tempo rimani sulla pagina e da quale pagina provieni. Percepiamo l&#8217;uso dei cookie per misurare il traffico del sito Web e personalizzare la visualizzazione dei siti Web come nostro legittimo interesse dell&#8217;amministratore, poich\u00e9 riteniamo che grazie a ci\u00f2 possiamo offrirti servizi ancora migliori. I cookie per la pubblicit\u00e0 mirata verranno elaborati solo con il tuo consenso. Il nostro sito web pu\u00f2 essere navigato anche in modalit\u00e0 che non consentono la raccolta di dati personali. Puoi disabilitare l&#8217;uso dei cookie sul tuo computer.<\/p>\n\n\n\n<p><strong>Quanto sono sicuri i tuoi dati personali?<\/strong><\/p>\n\n\n\n<p>Proteggiamo i dati personali il pi\u00f9 possibile utilizzando tecnologie moderne che corrispondono al livello di sviluppo tecnico. Li proteggiamo come se fossero i nostri. Abbiamo adottato e manteniamo tutte le misure tecniche e organizzative possibili (attualmente note) per prevenire l&#8217;uso improprio, il danneggiamento o la distruzione dei dati personali dell&#8217;utente.<\/p>\n\n\n\n<p><strong>A chi trasmettiamo i tuoi dati personali?<\/strong><\/p>\n\n\n\n<p>I nostri dipendenti e collaboratori, che sono tenuti alla riservatezza, hanno accesso ai tuoi dati personali. Per garantire operazioni di elaborazione specifiche che non possiamo fornire da soli, utilizziamo i servizi e le applicazioni di processori che possono proteggere i dati anche meglio di noi e specializzati nell&#8217;elaborazione. Questi fornitori e fornitori di queste piattaforme sono:<br>Netvarec, s.r.o.,<br>Facebook,<br>Google Ireland ltd.,<br>Seznam.cz, a.s.,<br>Smartselling, s.r.o.,<br>Stormware, s.r.o.<br>\u00c8 possibile che in futuro decidiamo di utilizzare altre applicazioni o fornitori per facilitare e migliorare l&#8217;elaborazione. Tuttavia, ti promettiamo che in questo caso, richiederemo a tale entit\u00e0 la sicurezza e la qualit\u00e0 del trattamento come per noi stessi.<br>Elaboriamo i dati esclusivamente nell&#8217;Unione Europea o in paesi che forniscono un livello di protezione adeguato sulla base della decisione della Commissione Europea.<\/p>\n\n\n\n<p><em>Quali sono le nostre responsabilit\u00e0?<\/em><\/p>\n\n\n\n<p>Dichiariamo che, in qualit\u00e0 di amministratore dei tuoi dati personali, adempiamo a tutti gli obblighi legali richiesti dalla legislazione applicabile, in particolare la legge sulla protezione dei dati personali e il GDPR, e che:<\/p>\n\n\n\n<p>elaboreremo i tuoi dati personali solo sulla base di un valido motivo legale, in particolare un interesse legittimo, l&#8217;adempimento del contratto, l&#8217;obbligo legale o l&#8217;approvazione del consenso,<br>adempiamo all&#8217;obbligo di informazione ai sensi dell&#8217;articolo 13 del GDPR anche prima dell&#8217;inizio del trattamento dei dati personali,<br>ti consentiremo e ti supporteremo nell&#8217;esercizio e nell&#8217;adempimento dei tuoi diritti ai sensi della legge sulla protezione dei dati personali e del GDPR.<\/p>\n\n\n\n<p><strong>Quali sono i tuoi diritti in termini di protezione dei dati personali?<\/strong><\/p>\n\n\n\n<p>Hai molti diritti in relazione alla protezione dei dati personali. Se desideri esercitare uno di questi diritti, ti preghiamo di contattarci via e-mail: info@comagrav.com.<\/p>\n\n\n\n<p>In termini di protezione dei dati personali, hai i seguenti diritti:<\/p>\n\n\n\n<ul class=\"wp-block-list\"><li>il diritto all&#8217;informazione, che \u00e8 gi\u00e0 assolto dalla presente pagina informativa con i principi del trattamento dei dati personali,<\/li><li>il diritto di accesso, grazie al quale puoi chiamarci e ti forniremo entro 14 giorni lavorativi quali sono i tuoi dati personali che trattiamo e perch\u00e9,<\/li><li>se qualcosa cambia o trovi i tuoi dati personali non aggiornati o incompleti, hai il diritto di aggiungere e modificare i dati personali,<\/li><li>puoi esercitare il tuo diritto di limitare l&#8217;elaborazione se ritieni che stiamo elaborando i tuoi dati inesatti, che ritieni che stiamo elaborando illegalmente, ma che non desideri eliminare tutti i dati o che ti sei opposto al trattamento.<\/li><li>\u00e8 possibile limitare l&#8217;ambito dei dati personali o le finalit\u00e0 del trattamento (ad esempio annullando l&#8217;iscrizione alla newsletter, si limita la finalit\u00e0 del trattamento per l&#8217;invio di messaggi commerciali).<\/li><li>se desideri prendere i tuoi dati personali e trasferirli a qualcun altro, procederemo come quando eserciti il diritto di accesso, con la sola differenza che ti forniremo le informazioni in forma leggibile da una macchina, che richiede almeno 14 giorni,<\/li><li>il tuo prossimo diritto \u00e8 il diritto di cancellare (essere dimenticato). Non vogliamo dimenticarti, ma se lo desideri, hai il diritto di farlo. In tal caso, elimineremo tutti i tuoi dati personali dal nostro sistema, nonch\u00e9 dai sistemi di tutti i sub-fornitori e dai backup. Abbiamo bisogno di 14 giorni per garantire il diritto alla cancellazione. In alcuni casi, siamo vincolati da un obbligo legale e, ad esempio, dobbiamo registrare i documenti fiscali emessi per il periodo specificato dalla legge. In questo caso, elimineremo tutti i dati personali che non sono vincolati da un&#8217;altra legge. Ti informeremo via e-mail del completamento della cancellazione.<\/li><li>il diritto di proporre reclamo all&#8217;Ufficio per la Protezione dei Dati Personali. Se ritieni che non stiamo trattando i tuoi dati in conformit\u00e0 con la legge, hai il diritto di contattare l&#8217;Ufficio per la protezione dei dati personali in qualsiasi momento con il tuo reclamo. Saremmo molto felici se ci informaste prima di questo sospetto in modo che possiamo fare qualcosa al riguardo e correggere eventuali errori.<\/li><li>il diritto di annullare l&#8217;iscrizione all&#8217;invio di newsletter e messaggi commerciali. Ti inviamo e-mail, articoli o prodotti o servizi in base al nostro legittimo interesse o al tuo consenso. In entrambi i casi, puoi annullare l&#8217;iscrizione alle nostre e-mail premendo il link di annullamento dell&#8217;iscrizione in ciascuna e-mail.<\/li><\/ul>\n\n\n\n<p><strong>Informazioni di contatto<\/strong><\/p>\n\n\n\n<p>Se desideri contattarci durante l&#8217;elaborazione, puoi contattarci al numero di telefono: +420 317 778 022 o via e-mail: info@comagrav.com.<\/p>\n\n\n\n<p>Ci riserviamo il diritto di modificare questa politica senza preavviso. La versione attuale dell&#8217;informativa sulla privacy \u00e8 sempre disponibile su www.comagrav.com.<\/p>\n","protected":false},"excerpt":{"rendered":"<p>Informativa sulla privacy e utilizzo dei cookie In questa pagina troverai informazioni su come trattiamo i dati personali dei nostri clienti, visitatori del sito web e abbonati alle notizie e su come utilizziamo i cookie. Per noi \u00e8 molto importante proteggere i tuoi dati ed \u00e8 per questo che li elaboriamo in conformit\u00e0 con le [&hellip;]<\/p>\n","protected":false},"author":1,"featured_media":0,"parent":0,"menu_order":0,"comment_status":"closed","ping_status":"closed","template":"","meta":{"_acf_changed":false,"footnotes":""},"class_list":["post-7146","page","type-page","status-publish","hentry"],"acf":[],"yoast_head":"<!-- This site is optimized with the Yoast SEO plugin v27.3 - https:\/\/yoast.com\/product\/yoast-seo-wordpress\/ -->\n<title>Informativa sulla privacy e utilizzo dei cookie - Comagrav<\/title>\n<meta name=\"robots\" content=\"index, follow, max-snippet:-1, max-image-preview:large, max-video-preview:-1\" \/>\n<link rel=\"canonical\" href=\"https:\/\/comagrav.com\/it\/gdpr\/\" \/>\n<meta property=\"og:locale\" content=\"it_IT\" \/>\n<meta property=\"og:type\" content=\"article\" \/>\n<meta property=\"og:title\" content=\"Informativa sulla privacy e utilizzo dei cookie - Comagrav\" \/>\n<meta property=\"og:description\" content=\"Informativa sulla privacy e utilizzo dei cookie In questa pagina troverai informazioni su come trattiamo i dati personali dei nostri clienti, visitatori del sito web e abbonati alle notizie e su come utilizziamo i cookie. Per noi \u00e8 molto importante proteggere i tuoi dati ed \u00e8 per questo che li elaboriamo in conformit\u00e0 con le [&hellip;]\" \/>\n<meta property=\"og:url\" content=\"https:\/\/comagrav.com\/it\/gdpr\/\" \/>\n<meta property=\"og:site_name\" content=\"Comagrav\" \/>\n<meta property=\"article:publisher\" content=\"https:\/\/www.facebook.com\/COMAGRAV\" \/>\n<meta property=\"article:modified_time\" content=\"2023-04-24T13:06:24+00:00\" \/>\n<meta name=\"twitter:card\" content=\"summary_large_image\" \/>\n<meta name=\"twitter:label1\" content=\"Tempo di lettura stimato\" \/>\n\t<meta name=\"twitter:data1\" content=\"6 minuti\" \/>\n<script type=\"application\/ld+json\" class=\"yoast-schema-graph\">{\"@context\":\"https:\\\/\\\/schema.org\",\"@graph\":[{\"@type\":\"WebPage\",\"@id\":\"https:\\\/\\\/comagrav.com\\\/it\\\/gdpr\\\/\",\"url\":\"https:\\\/\\\/comagrav.com\\\/it\\\/gdpr\\\/\",\"name\":\"Informativa sulla privacy e utilizzo dei cookie - Comagrav\",\"isPartOf\":{\"@id\":\"https:\\\/\\\/comagrav.com\\\/it\\\/#website\"},\"datePublished\":\"2020-09-07T14:21:14+00:00\",\"dateModified\":\"2023-04-24T13:06:24+00:00\",\"inLanguage\":\"it-IT\",\"potentialAction\":[{\"@type\":\"ReadAction\",\"target\":[\"https:\\\/\\\/comagrav.com\\\/it\\\/gdpr\\\/\"]}]},{\"@type\":\"WebSite\",\"@id\":\"https:\\\/\\\/comagrav.com\\\/it\\\/#website\",\"url\":\"https:\\\/\\\/comagrav.com\\\/it\\\/\",\"name\":\"Comagrav\",\"description\":\"\",\"publisher\":{\"@id\":\"https:\\\/\\\/comagrav.com\\\/it\\\/#organization\"},\"potentialAction\":[{\"@type\":\"SearchAction\",\"target\":{\"@type\":\"EntryPoint\",\"urlTemplate\":\"https:\\\/\\\/comagrav.com\\\/it\\\/?s={search_term_string}\"},\"query-input\":{\"@type\":\"PropertyValueSpecification\",\"valueRequired\":true,\"valueName\":\"search_term_string\"}}],\"inLanguage\":\"it-IT\"},{\"@type\":\"Organization\",\"@id\":\"https:\\\/\\\/comagrav.com\\\/it\\\/#organization\",\"name\":\"COMAGRAV CNC machines\",\"url\":\"https:\\\/\\\/comagrav.com\\\/it\\\/\",\"logo\":{\"@type\":\"ImageObject\",\"inLanguage\":\"it-IT\",\"@id\":\"https:\\\/\\\/comagrav.com\\\/it\\\/#\\\/schema\\\/logo\\\/image\\\/\",\"url\":\"https:\\\/\\\/comagrav.com\\\/wp-content\\\/uploads\\\/2020\\\/07\\\/logo.svg\",\"contentUrl\":\"https:\\\/\\\/comagrav.com\\\/wp-content\\\/uploads\\\/2020\\\/07\\\/logo.svg\",\"caption\":\"COMAGRAV CNC machines\"},\"image\":{\"@id\":\"https:\\\/\\\/comagrav.com\\\/it\\\/#\\\/schema\\\/logo\\\/image\\\/\"},\"sameAs\":[\"https:\\\/\\\/www.facebook.com\\\/COMAGRAV\"]}]}<\/script>\n<!-- \/ Yoast SEO plugin. -->","yoast_head_json":{"title":"Informativa sulla privacy e utilizzo dei cookie - Comagrav","robots":{"index":"index","follow":"follow","max-snippet":"max-snippet:-1","max-image-preview":"max-image-preview:large","max-video-preview":"max-video-preview:-1"},"canonical":"https:\/\/comagrav.com\/it\/gdpr\/","og_locale":"it_IT","og_type":"article","og_title":"Informativa sulla privacy e utilizzo dei cookie - Comagrav","og_description":"Informativa sulla privacy e utilizzo dei cookie In questa pagina troverai informazioni su come trattiamo i dati personali dei nostri clienti, visitatori del sito web e abbonati alle notizie e su come utilizziamo i cookie. Per noi \u00e8 molto importante proteggere i tuoi dati ed \u00e8 per questo che li elaboriamo in conformit\u00e0 con le [&hellip;]","og_url":"https:\/\/comagrav.com\/it\/gdpr\/","og_site_name":"Comagrav","article_publisher":"https:\/\/www.facebook.com\/COMAGRAV","article_modified_time":"2023-04-24T13:06:24+00:00","twitter_card":"summary_large_image","twitter_misc":{"Tempo di lettura stimato":"6 minuti"},"schema":{"@context":"https:\/\/schema.org","@graph":[{"@type":"WebPage","@id":"https:\/\/comagrav.com\/it\/gdpr\/","url":"https:\/\/comagrav.com\/it\/gdpr\/","name":"Informativa sulla privacy e utilizzo dei cookie - Comagrav","isPartOf":{"@id":"https:\/\/comagrav.com\/it\/#website"},"datePublished":"2020-09-07T14:21:14+00:00","dateModified":"2023-04-24T13:06:24+00:00","inLanguage":"it-IT","potentialAction":[{"@type":"ReadAction","target":["https:\/\/comagrav.com\/it\/gdpr\/"]}]},{"@type":"WebSite","@id":"https:\/\/comagrav.com\/it\/#website","url":"https:\/\/comagrav.com\/it\/","name":"Comagrav","description":"","publisher":{"@id":"https:\/\/comagrav.com\/it\/#organization"},"potentialAction":[{"@type":"SearchAction","target":{"@type":"EntryPoint","urlTemplate":"https:\/\/comagrav.com\/it\/?s={search_term_string}"},"query-input":{"@type":"PropertyValueSpecification","valueRequired":true,"valueName":"search_term_string"}}],"inLanguage":"it-IT"},{"@type":"Organization","@id":"https:\/\/comagrav.com\/it\/#organization","name":"COMAGRAV CNC machines","url":"https:\/\/comagrav.com\/it\/","logo":{"@type":"ImageObject","inLanguage":"it-IT","@id":"https:\/\/comagrav.com\/it\/#\/schema\/logo\/image\/","url":"https:\/\/comagrav.com\/wp-content\/uploads\/2020\/07\/logo.svg","contentUrl":"https:\/\/comagrav.com\/wp-content\/uploads\/2020\/07\/logo.svg","caption":"COMAGRAV CNC machines"},"image":{"@id":"https:\/\/comagrav.com\/it\/#\/schema\/logo\/image\/"},"sameAs":["https:\/\/www.facebook.com\/COMAGRAV"]}]}},"_links":{"self":[{"href":"https:\/\/comagrav.com\/it\/wp-json\/wp\/v2\/pages\/7146","targetHints":{"allow":["GET"]}}],"collection":[{"href":"https:\/\/comagrav.com\/it\/wp-json\/wp\/v2\/pages"}],"about":[{"href":"https:\/\/comagrav.com\/it\/wp-json\/wp\/v2\/types\/page"}],"author":[{"embeddable":true,"href":"https:\/\/comagrav.com\/it\/wp-json\/wp\/v2\/users\/1"}],"replies":[{"embeddable":true,"href":"https:\/\/comagrav.com\/it\/wp-json\/wp\/v2\/comments?post=7146"}],"version-history":[{"count":2,"href":"https:\/\/comagrav.com\/it\/wp-json\/wp\/v2\/pages\/7146\/revisions"}],"predecessor-version":[{"id":8050,"href":"https:\/\/comagrav.com\/it\/wp-json\/wp\/v2\/pages\/7146\/revisions\/8050"}],"wp:attachment":[{"href":"https:\/\/comagrav.com\/it\/wp-json\/wp\/v2\/media?parent=7146"}],"curies":[{"name":"wp","href":"https:\/\/api.w.org\/{rel}","templated":true}]}}