{"id":7138,"date":"2020-09-07T22:17:34","date_gmt":"2020-09-07T20:17:34","guid":{"rendered":"https:\/\/comagrav.com\/service\/"},"modified":"2026-04-03T14:14:44","modified_gmt":"2026-04-03T12:14:44","slug":"assistenza","status":"publish","type":"page","link":"https:\/\/comagrav.com\/it\/assistenza\/","title":{"rendered":"Assistenza"},"content":{"rendered":"\n<section class=\"alignwide text-with-image text-with-image--reverse\"><div class=\"inner\"><div class=\"row flex--v-center\"><div class=\"col col--13 col--offset-2 col--l-24 col--l-offset-0\"><div class=\"text-with-image__image_wrap\"><img loading=\"lazy\" decoding=\"async\" src=\"https:\/\/comagrav.com\/wp-content\/uploads\/2020\/07\/servis@2x.jpg\" alt=\"\" width=\"1376\" height=\"858\"\/><\/div><\/div><div class=\"col col--9 col--l-24 text-left text-with-image__content\">\n<h2 class=\"wp-block-heading\">Assistenza<\/h2>\n\n\n\n<p>Offriamo un servizio completo di assistenza per le nostre attrezzature, compresa la fornitura di parti di consumo e ricambi. Seguendo i nostri consigli potrai ottenere una maggiore produttivit\u00e0, eliminando fermi macchina e riduzion e della produzione.<\/p>\n<\/div><\/div><\/div><\/section>\n\n\n\n<section class=\"wp-block-comagravblocks-text-with-media alignwide text-with-image text-with-image--with-background text-with-image--light\"><div class=\"inner\"><div class=\"row__wrap\"><div class=\"row flex--v-center row--l-col-reverse\"><div class=\"col col--11 col--l-24\"><div class=\"text-with-image__content text-with-image--with-background__content\">\n<p>Grazie al background moderno e alla qualit\u00e0 dei componenti, siamo in grado di rispondere rapidamente e in maniera efficiente alle richieste di assistenza sui macchinari. La qualit\u00e0 del servizio offerto \u00e8 frutto di molti anni di esperienza e di una rete di tecnici certificati dislocati sul territtorio nazionale<\/p>\n<\/div><\/div><div class=\"col col--13 col--l-24\"><img loading=\"lazy\" decoding=\"async\" src=\"https:\/\/comagrav.com\/wp-content\/uploads\/2020\/07\/IMG_4378-scaled.jpg\" alt=\"\" width=\"2560\" height=\"1707\"\/><\/div><\/div><\/div><\/div><\/section>\n\n\n\n<section class=\"alignwide quote\"><div class=\"inner\"><div class=\"row\"><div class=\"col col--16 col--l-24 col--offset-4 col--l-offset-0\"><h2 class=\"h1 quote__text\">Una buona formazione e la manutenzione preventiva dei macchinari, riduce drasticamente le possibilit\u00e0 future di assistenza, aumentando la durabilit\u00e0 di tutti i componenti delle attrezzature.<\/h2><\/div><\/div><\/div><\/section>\n\n\n\n<h2 class=\"wp-block-heading\">FORMAZIONE:<\/h2>\n\n\n\n<p>Ci occupiamo personalmente di ogni installazione e curiamo con attenzione la formazione dell&#8217;operatore. Il corso pu\u00f2 essere seguito sia di persona, sia online per mezzo di TeamViewer.<\/p>\n\n\n\n<p><\/p>\n\n\n\n<section class=\"q_and_a\" id=\"faqblock_3e74678030316e30c0746d42beac495d\">\n\t<div class=\"inner\">\n\t\t<div class=\"row\">\n\t\t\t<div class=\"col col--16 col--l-24 col--offset-4 col--l-offset-0\">\n\t\t\t\t\t\t\t\t\t<h3 class=\"h3\">Service contacts:<\/h3>\n\t\t\t\t\t\t\t\t\t\t\t\t\t<div class=\"q_and_a__box\">\n\t\t\t\t\t\t\t\t\t\t\t\t\t<details>\n\t\t\t\t\t\t\t\t<summary>Contatti di assistenza:<\/summary>\n\t\t\t\t\t\t\t\t<table border=\"0\" width=\"100%\" cellspacing=\"10\">\n<tbody>\n<tr>\n<td colspan=\"3\">\n<table border=\"0\" width=\"100%\">\n<tbody>\n<tr>\n<td><strong>Produzione, vendite, assistenza:<\/strong><\/td>\n<td rowspan=\"2\" align=\"right\" valign=\"top\"><\/td>\n<\/tr>\n<tr>\n<td>\n<table border=\"0\" width=\"100%\" cellspacing=\"0\" cellpadding=\"0\">\n<tbody>\n<tr>\n<td valign=\"top\">COMAC spol. s r.o.<\/td>\n<\/tr>\n<tr>\n<td valign=\"top\">Spojovac\u00ed 362<\/td>\n<\/tr>\n<tr>\n<td valign=\"top\">25721 Po\u0159\u00ed\u010d\u00ed nad S\u00e1zavou<\/td>\n<\/tr>\n<tr>\n<td valign=\"top\">Czech Republic<\/td>\n<\/tr>\n<\/tbody>\n<\/table>\n<table border=\"0\" width=\"100%\" cellspacing=\"0\" cellpadding=\"0\">\n<tbody>\n<tr>\n<td>E-mail: <a href=\"mailto:info@comagrav.com\">info@comagrav.com<\/a><\/td>\n<\/tr>\n<tr>\n<td>Tel.: +420 317 778 022<\/td>\n<\/tr>\n<\/tbody>\n<\/table>\n<\/td>\n<\/tr>\n<\/tbody>\n<\/table>\n<\/td>\n<\/tr>\n<tr>\n<td align=\"left\" valign=\"top\"><\/td>\n<td align=\"left\" valign=\"top\"><\/td>\n<td align=\"left\" valign=\"top\"><\/td>\n<\/tr>\n<tr>\n<td align=\"left\" valign=\"top\"><strong>Germany<\/strong><\/p>\n<p>Technoplot CAD Vertriebs GmbH<br \/>\nDorfstrasse 17<br \/>\nD-85737 Ismaning, Germany<br \/>\nTel.: 0049 (0) 89 99 653 5-10<br \/>\n<a href=\"http:\/\/www.technoplot.com\">http:\/\/www.technoplot.com<\/a><\/td>\n<td align=\"left\" valign=\"top\"><strong>Greece<\/strong><\/p>\n<p>DALTEC S.A.<br \/>\nThessalonikis 95<br \/>\n183 46 Moschato- Athens, Greece<br \/>\nTel.: +30 210 6640511-2<br \/>\n<a href=\"http:\/\/www.daltec.gr\">http:\/\/www.daltec.gr<\/a><\/td>\n<td align=\"left\" valign=\"top\"><strong>Israel<\/strong><\/p>\n<p>Gravograph Israel (Technologies) Ltd.<br \/>\nYosef Sapir St 6<br \/>\nRishon LeTsiyon 7570465, Israel<br \/>\nTel.: +972-3-6834411<br \/>\nE-mail: <a href=\"mailto:dafna@gravograph.co.il\">dafna@gravograph.co.il<\/a><\/td>\n<\/tr>\n<tr>\n<td align=\"left\" valign=\"top\"><strong>Iceland<\/strong><\/p>\n<p>IDNV\u00c9LAR ehf.<br \/>\nSmidjuvegur 44-46<br \/>\n200 K\u00f3pavogur, Iceland<br \/>\nTel.: +354 414 2701<br \/>\nE-mail: <a href=\"mailto:idnvelar@idnvelar.is\">idnvelar@idnvelar.is<\/a><br \/>\n<a href=\"https:\/\/idnvelar.is\/\" target=\"_blank\" rel=\"noopener\">www.idnvelar.is<\/a><\/td>\n<td align=\"left\" valign=\"top\"><strong>Italy<\/strong><\/p>\n<p>COMAGRAV ITALIA<br \/>\nMr. Augusto Sartori<br \/>\ncell. +39.3357034810<br \/>\nemail: <a href=\"mailto:italia@comagrav.com\">italia@comagrav.com<\/a><\/p>\n<p>Assistenza Tecnica Nord<br \/>\nMain Assitance srl<br \/>\nValbrembo (BG)<br \/>\ntel. +39.035 528494<br \/>\nemail: <a href=\"mailto:info@mainassistance.it\">info@mainassistance.it<\/a><\/p>\n<p>Assistenza Tecnica Centro-Sud:<br \/>\nKiklosonline<br \/>\nMontefredane Z.I. (Avellino)<br \/>\nCell. +39.3933379727<br \/>\nCell. +39.0825271174<br \/>\nemail: <a href=\"mailto:info@kiklosonline.it\">info@kiklosonline.it<\/a><\/td>\n<td align=\"left\" valign=\"top\"><strong>Ireland<\/strong><\/p>\n<p>NEOPOST IRELAND LTD.<br \/>\nUnit 16 Fonthill Industrial Park<br \/>\nFonthill Road<br \/>\nD22 F2P1 Dublin 22, Ireland<\/p>\n<p>Tel.: +353 1 625 0900<br \/>\n<a href=\"http:\/\/www.neopost.ie\">http:\/\/www.neopost.ie<\/a><\/td>\n<\/tr>\n<tr>\n<td align=\"left\" valign=\"top\"><strong>Lithuania<\/strong><\/p>\n<p>UAB \u201cHELIOPOLIS\u201d<br \/>\n\u017dalgirio str. 112a<br \/>\nLT-09300 Vilnius, Lithuania<\/p>\n<p>Tel.: +370 5 2732999<br \/>\n<a href=\"http:\/\/www.heliopolis.lt\">http:\/\/www.heliopolis.lt<\/a><\/td>\n<td align=\"left\" valign=\"top\"><strong>Norway<\/strong><\/p>\n<p>Plockmatic International AB<br \/>\nTelefonv\u00e4gen 30<br \/>\n126 26 H\u00e4gersten, Sweden<br \/>\nTel.: +46 8 602 50 00<br \/>\n<a href=\"http:\/\/www.plockmatic.se\">http:\/\/www.plockmaticgroup.com<\/a><\/td>\n<td align=\"left\" valign=\"top\"><strong>Romania<\/strong><\/p>\n<p>DIGIDONPLUS S.R.L.<br \/>\nPiata 1 Mai, nr. 4-5<br \/>\n400141, Cluj-Napoca, Jud. Cluj, Romania<br \/>\nTel.: +40264438776<br \/>\nE-mail: <a href=\"mailto:otto@nis.ro\">otto@nis.ro<\/a><br \/>\n<a href=\"https:\/\/www.nis.ro\/\" target=\"_blank\" rel=\"noopener\">www.nis.ro<\/a><\/td>\n<\/tr>\n<tr>\n<td align=\"left\" valign=\"top\"><strong>Russia<\/strong><\/p>\n<p>Forsign Ltd.<br \/>\nMoscow, RUSSIA<br \/>\nTel.: +7 495 215 1115<br \/>\n<a href=\"http:\/\/www.comagrav.ru\">http:\/\/www.comagrav.ru<\/a><br \/>\n<a href=\"http:\/\/www.forsign.ru\">http:\/\/www.forsign.ru<\/a><\/td>\n<td align=\"left\" valign=\"top\"><strong>Slovakia<\/strong><\/p>\n<p>ALPHASET, spol. s r.o.<br \/>\nKop\u010dianska 19<br \/>\n851 01 Bratislava, Slovakia<br \/>\nTel.: +421 2 6381 22 55<br \/>\n<a href=\"http:\/\/www.frezy.sk\">http:\/\/www.frezy.sk<\/a><br \/>\n<a href=\"http:\/\/www.alphaset.sk\">http:\/\/www.alphaset.sk<\/a><\/td>\n<td align=\"left\" valign=\"top\"><strong>Spain<\/strong><\/p>\n<p>L.I. Distribuciones S.A.<br \/>\nPOL. IND. \u201cLA FUENSANTA\u201d, C\/ Mercurio, 47<br \/>\n28936 M\u00f3stoles (Madrid), Spain<br \/>\nTel.: +34 916166281<br \/>\n<a href=\"http:\/\/www.li-distribuciones.com\">http:\/\/www.li-distribuciones.com<\/a><\/td>\n<\/tr>\n<tr>\n<td align=\"left\" valign=\"top\"><strong>Sweden<\/strong><\/p>\n<p>Plockmatic International AB<br \/>\nTelefonv\u00e4gen 30<br \/>\n126 26 H\u00e4gersten, Sweden<\/p>\n<p>Tel.: +46 8 602 50 00<br \/>\n<a href=\"http:\/\/www.plockmatic.se\">http:\/\/www.plockmatic.se<\/a><\/td>\n<td align=\"left\" valign=\"top\"><strong>Tunisie<\/strong><\/p>\n<p>ABP<br \/>\n14 Rue Barcelone Riadh El Andalous<br \/>\n2058 Ariana &#8211; Tunisie<br \/>\nTel.: +216 70822816<br \/>\n<a href=\"http:\/\/abptunisie.com\">http:\/\/abptunisie.com<\/a><\/td>\n<td align=\"left\" valign=\"top\"><strong>United Kingdom<\/strong><\/p>\n<p>Josero Limited<br \/>\nUnit 13 Buckingway Business Park<br \/>\nAnderson Road<br \/>\nSwavesey CB24 4AE<br \/>\nTel.: +44 (0) 1954 232564<br \/>\n<a href=\"http:\/\/www.josero.com\">http:\/\/www.josero.com<\/a><\/td>\n<\/tr>\n<\/tbody>\n<\/table>\n\t\t\t\t\t\t\t<\/details>\n\t\t\t\t\t\t\t\t\t\t\t<\/div>\n\t\t\t\t\t\t\t<\/div>\n\t\t<\/div>\n\t<\/div>\n<\/section>","protected":false},"excerpt":{"rendered":"<p>FORMAZIONE: Ci occupiamo personalmente di ogni installazione e curiamo con attenzione la formazione dell&#8217;operatore. Il corso pu\u00f2 essere seguito sia di persona, sia online per mezzo di TeamViewer.<\/p>\n","protected":false},"author":1,"featured_media":6611,"parent":0,"menu_order":0,"comment_status":"closed","ping_status":"closed","template":"","meta":{"_acf_changed":false,"footnotes":""},"class_list":["post-7138","page","type-page","status-publish","has-post-thumbnail","hentry"],"acf":[],"yoast_head":"<!-- This site is optimized with the Yoast SEO plugin v27.3 - https:\/\/yoast.com\/product\/yoast-seo-wordpress\/ -->\n<title>Assistenza - Comagrav We offer complex service and maintenance of the machine<\/title>\n<meta name=\"description\" content=\"We offer complex service and maintenance of the machine, including regular replacement of wear parts. Regular service maintenance of the machine significantly reduces repair costs.\" \/>\n<meta name=\"robots\" content=\"index, follow, max-snippet:-1, max-image-preview:large, max-video-preview:-1\" \/>\n<link rel=\"canonical\" href=\"https:\/\/comagrav.com\/it\/assistenza\/\" \/>\n<meta property=\"og:locale\" content=\"it_IT\" \/>\n<meta property=\"og:type\" content=\"article\" \/>\n<meta property=\"og:title\" content=\"Assistenza - Comagrav We offer complex service and maintenance of the machine\" \/>\n<meta property=\"og:description\" content=\"We offer complex service and maintenance of the machine, including regular replacement of wear parts. Regular service maintenance of the machine significantly reduces repair costs.\" \/>\n<meta property=\"og:url\" content=\"https:\/\/comagrav.com\/it\/assistenza\/\" \/>\n<meta property=\"og:site_name\" content=\"Comagrav\" \/>\n<meta property=\"article:publisher\" content=\"https:\/\/www.facebook.com\/COMAGRAV\" \/>\n<meta property=\"article:modified_time\" content=\"2026-04-03T12:14:44+00:00\" \/>\n<meta property=\"og:image\" content=\"https:\/\/comagrav.com\/wp-content\/uploads\/2020\/07\/servis@2x.jpg\" \/>\n\t<meta property=\"og:image:width\" content=\"1376\" \/>\n\t<meta property=\"og:image:height\" content=\"858\" \/>\n\t<meta property=\"og:image:type\" content=\"image\/jpeg\" \/>\n<meta name=\"twitter:card\" content=\"summary_large_image\" \/>\n<meta name=\"twitter:label1\" content=\"Tempo di lettura stimato\" \/>\n\t<meta name=\"twitter:data1\" content=\"2 minuti\" \/>\n<script type=\"application\/ld+json\" class=\"yoast-schema-graph\">{\"@context\":\"https:\\\/\\\/schema.org\",\"@graph\":[{\"@type\":\"WebPage\",\"@id\":\"https:\\\/\\\/comagrav.com\\\/it\\\/assistenza\\\/\",\"url\":\"https:\\\/\\\/comagrav.com\\\/it\\\/assistenza\\\/\",\"name\":\"Assistenza - Comagrav We offer complex service and maintenance of the machine\",\"isPartOf\":{\"@id\":\"https:\\\/\\\/comagrav.com\\\/it\\\/#website\"},\"primaryImageOfPage\":{\"@id\":\"https:\\\/\\\/comagrav.com\\\/it\\\/assistenza\\\/#primaryimage\"},\"image\":{\"@id\":\"https:\\\/\\\/comagrav.com\\\/it\\\/assistenza\\\/#primaryimage\"},\"thumbnailUrl\":\"https:\\\/\\\/comagrav.com\\\/wp-content\\\/uploads\\\/2020\\\/07\\\/servis@2x.jpg\",\"datePublished\":\"2020-09-07T20:17:34+00:00\",\"dateModified\":\"2026-04-03T12:14:44+00:00\",\"description\":\"We offer complex service and maintenance of the machine, including regular replacement of wear parts. Regular service maintenance of the machine significantly reduces repair costs.\",\"inLanguage\":\"it-IT\",\"potentialAction\":[{\"@type\":\"ReadAction\",\"target\":[\"https:\\\/\\\/comagrav.com\\\/it\\\/assistenza\\\/\"]}]},{\"@type\":\"ImageObject\",\"inLanguage\":\"it-IT\",\"@id\":\"https:\\\/\\\/comagrav.com\\\/it\\\/assistenza\\\/#primaryimage\",\"url\":\"https:\\\/\\\/comagrav.com\\\/wp-content\\\/uploads\\\/2020\\\/07\\\/servis@2x.jpg\",\"contentUrl\":\"https:\\\/\\\/comagrav.com\\\/wp-content\\\/uploads\\\/2020\\\/07\\\/servis@2x.jpg\",\"width\":1376,\"height\":858},{\"@type\":\"WebSite\",\"@id\":\"https:\\\/\\\/comagrav.com\\\/it\\\/#website\",\"url\":\"https:\\\/\\\/comagrav.com\\\/it\\\/\",\"name\":\"Comagrav\",\"description\":\"\",\"publisher\":{\"@id\":\"https:\\\/\\\/comagrav.com\\\/it\\\/#organization\"},\"potentialAction\":[{\"@type\":\"SearchAction\",\"target\":{\"@type\":\"EntryPoint\",\"urlTemplate\":\"https:\\\/\\\/comagrav.com\\\/it\\\/?s={search_term_string}\"},\"query-input\":{\"@type\":\"PropertyValueSpecification\",\"valueRequired\":true,\"valueName\":\"search_term_string\"}}],\"inLanguage\":\"it-IT\"},{\"@type\":\"Organization\",\"@id\":\"https:\\\/\\\/comagrav.com\\\/it\\\/#organization\",\"name\":\"COMAGRAV CNC machines\",\"url\":\"https:\\\/\\\/comagrav.com\\\/it\\\/\",\"logo\":{\"@type\":\"ImageObject\",\"inLanguage\":\"it-IT\",\"@id\":\"https:\\\/\\\/comagrav.com\\\/it\\\/#\\\/schema\\\/logo\\\/image\\\/\",\"url\":\"https:\\\/\\\/comagrav.com\\\/wp-content\\\/uploads\\\/2020\\\/07\\\/logo.svg\",\"contentUrl\":\"https:\\\/\\\/comagrav.com\\\/wp-content\\\/uploads\\\/2020\\\/07\\\/logo.svg\",\"caption\":\"COMAGRAV CNC machines\"},\"image\":{\"@id\":\"https:\\\/\\\/comagrav.com\\\/it\\\/#\\\/schema\\\/logo\\\/image\\\/\"},\"sameAs\":[\"https:\\\/\\\/www.facebook.com\\\/COMAGRAV\"]}]}<\/script>\n<!-- \/ Yoast SEO plugin. -->","yoast_head_json":{"title":"Assistenza - Comagrav We offer complex service and maintenance of the machine","description":"We offer complex service and maintenance of the machine, including regular replacement of wear parts. Regular service maintenance of the machine significantly reduces repair costs.","robots":{"index":"index","follow":"follow","max-snippet":"max-snippet:-1","max-image-preview":"max-image-preview:large","max-video-preview":"max-video-preview:-1"},"canonical":"https:\/\/comagrav.com\/it\/assistenza\/","og_locale":"it_IT","og_type":"article","og_title":"Assistenza - Comagrav We offer complex service and maintenance of the machine","og_description":"We offer complex service and maintenance of the machine, including regular replacement of wear parts. Regular service maintenance of the machine significantly reduces repair costs.","og_url":"https:\/\/comagrav.com\/it\/assistenza\/","og_site_name":"Comagrav","article_publisher":"https:\/\/www.facebook.com\/COMAGRAV","article_modified_time":"2026-04-03T12:14:44+00:00","og_image":[{"width":1376,"height":858,"url":"https:\/\/comagrav.com\/wp-content\/uploads\/2020\/07\/servis@2x.jpg","type":"image\/jpeg"}],"twitter_card":"summary_large_image","twitter_misc":{"Tempo di lettura stimato":"2 minuti"},"schema":{"@context":"https:\/\/schema.org","@graph":[{"@type":"WebPage","@id":"https:\/\/comagrav.com\/it\/assistenza\/","url":"https:\/\/comagrav.com\/it\/assistenza\/","name":"Assistenza - Comagrav We offer complex service and maintenance of the machine","isPartOf":{"@id":"https:\/\/comagrav.com\/it\/#website"},"primaryImageOfPage":{"@id":"https:\/\/comagrav.com\/it\/assistenza\/#primaryimage"},"image":{"@id":"https:\/\/comagrav.com\/it\/assistenza\/#primaryimage"},"thumbnailUrl":"https:\/\/comagrav.com\/wp-content\/uploads\/2020\/07\/servis@2x.jpg","datePublished":"2020-09-07T20:17:34+00:00","dateModified":"2026-04-03T12:14:44+00:00","description":"We offer complex service and maintenance of the machine, including regular replacement of wear parts. Regular service maintenance of the machine significantly reduces repair costs.","inLanguage":"it-IT","potentialAction":[{"@type":"ReadAction","target":["https:\/\/comagrav.com\/it\/assistenza\/"]}]},{"@type":"ImageObject","inLanguage":"it-IT","@id":"https:\/\/comagrav.com\/it\/assistenza\/#primaryimage","url":"https:\/\/comagrav.com\/wp-content\/uploads\/2020\/07\/servis@2x.jpg","contentUrl":"https:\/\/comagrav.com\/wp-content\/uploads\/2020\/07\/servis@2x.jpg","width":1376,"height":858},{"@type":"WebSite","@id":"https:\/\/comagrav.com\/it\/#website","url":"https:\/\/comagrav.com\/it\/","name":"Comagrav","description":"","publisher":{"@id":"https:\/\/comagrav.com\/it\/#organization"},"potentialAction":[{"@type":"SearchAction","target":{"@type":"EntryPoint","urlTemplate":"https:\/\/comagrav.com\/it\/?s={search_term_string}"},"query-input":{"@type":"PropertyValueSpecification","valueRequired":true,"valueName":"search_term_string"}}],"inLanguage":"it-IT"},{"@type":"Organization","@id":"https:\/\/comagrav.com\/it\/#organization","name":"COMAGRAV CNC machines","url":"https:\/\/comagrav.com\/it\/","logo":{"@type":"ImageObject","inLanguage":"it-IT","@id":"https:\/\/comagrav.com\/it\/#\/schema\/logo\/image\/","url":"https:\/\/comagrav.com\/wp-content\/uploads\/2020\/07\/logo.svg","contentUrl":"https:\/\/comagrav.com\/wp-content\/uploads\/2020\/07\/logo.svg","caption":"COMAGRAV CNC machines"},"image":{"@id":"https:\/\/comagrav.com\/it\/#\/schema\/logo\/image\/"},"sameAs":["https:\/\/www.facebook.com\/COMAGRAV"]}]}},"_links":{"self":[{"href":"https:\/\/comagrav.com\/it\/wp-json\/wp\/v2\/pages\/7138","targetHints":{"allow":["GET"]}}],"collection":[{"href":"https:\/\/comagrav.com\/it\/wp-json\/wp\/v2\/pages"}],"about":[{"href":"https:\/\/comagrav.com\/it\/wp-json\/wp\/v2\/types\/page"}],"author":[{"embeddable":true,"href":"https:\/\/comagrav.com\/it\/wp-json\/wp\/v2\/users\/1"}],"replies":[{"embeddable":true,"href":"https:\/\/comagrav.com\/it\/wp-json\/wp\/v2\/comments?post=7138"}],"version-history":[{"count":4,"href":"https:\/\/comagrav.com\/it\/wp-json\/wp\/v2\/pages\/7138\/revisions"}],"predecessor-version":[{"id":9480,"href":"https:\/\/comagrav.com\/it\/wp-json\/wp\/v2\/pages\/7138\/revisions\/9480"}],"wp:featuredmedia":[{"embeddable":true,"href":"https:\/\/comagrav.com\/it\/wp-json\/wp\/v2\/media\/6611"}],"wp:attachment":[{"href":"https:\/\/comagrav.com\/it\/wp-json\/wp\/v2\/media?parent=7138"}],"curies":[{"name":"wp","href":"https:\/\/api.w.org\/{rel}","templated":true}]}}