{"id":4015,"date":"2021-08-26T11:13:57","date_gmt":"2021-08-26T09:13:57","guid":{"rendered":"http:\/\/comagrav.netvarec.cz\/?page_id=4015"},"modified":"2025-11-11T12:35:35","modified_gmt":"2025-11-11T11:35:35","slug":"prislusenstvi","status":"publish","type":"page","link":"https:\/\/comagrav.com\/cs\/prislusenstvi\/","title":{"rendered":"P\u0159\u00edslu\u0161enstv\u00ed"},"content":{"rendered":"\n<p><br><\/p>\n","protected":false},"excerpt":{"rendered":"","protected":false},"author":1,"featured_media":0,"parent":0,"menu_order":0,"comment_status":"closed","ping_status":"closed","template":"page-accessories.php","meta":{"_acf_changed":false,"footnotes":""},"class_list":["post-4015","page","type-page","status-publish","hentry"],"acf":[],"yoast_head":"<!-- This site is optimized with the Yoast SEO plugin v27.4 - https:\/\/yoast.com\/product\/yoast-seo-wordpress\/ -->\n<title>P\u0159\u00edslu\u0161enstv\u00ed a dopl\u0148ky k fr\u00e9zk\u00e1m a plotr\u016fm COMAGRAV - Comagrav<\/title>\n<meta name=\"description\" content=\"Ke stroji Comagrav si vyberte p\u0159\u00edslu\u0161enstv\u00ed pro svou v\u00fdrobu - odv\u00edje\u010d materi\u00e1lu, kamerov\u00fd syst\u00e9m nebo t\u0159eba st\u016fl po up\u00edn\u00e1n\u00ed p\u0159edm\u011bt\u016f.\" \/>\n<meta name=\"robots\" content=\"index, follow, max-snippet:-1, max-image-preview:large, max-video-preview:-1\" \/>\n<link rel=\"canonical\" href=\"https:\/\/comagrav.com\/cs\/prislusenstvi\/\" \/>\n<meta property=\"og:locale\" content=\"cs_CZ\" \/>\n<meta property=\"og:type\" content=\"article\" \/>\n<meta property=\"og:title\" content=\"P\u0159\u00edslu\u0161enstv\u00ed a dopl\u0148ky k fr\u00e9zk\u00e1m a plotr\u016fm COMAGRAV - Comagrav\" \/>\n<meta property=\"og:description\" content=\"Ke stroji Comagrav si vyberte p\u0159\u00edslu\u0161enstv\u00ed pro svou v\u00fdrobu - odv\u00edje\u010d materi\u00e1lu, kamerov\u00fd syst\u00e9m nebo t\u0159eba st\u016fl po up\u00edn\u00e1n\u00ed p\u0159edm\u011bt\u016f.\" \/>\n<meta property=\"og:url\" content=\"https:\/\/comagrav.com\/cs\/prislusenstvi\/\" \/>\n<meta property=\"og:site_name\" content=\"Comagrav\" \/>\n<meta property=\"article:publisher\" content=\"https:\/\/www.facebook.com\/COMAGRAV\" \/>\n<meta property=\"article:modified_time\" content=\"2025-11-11T11:35:35+00:00\" \/>\n<meta name=\"twitter:card\" content=\"summary_large_image\" \/>\n<script type=\"application\/ld+json\" class=\"yoast-schema-graph\">{\"@context\":\"https:\\\/\\\/schema.org\",\"@graph\":[{\"@type\":\"WebPage\",\"@id\":\"https:\\\/\\\/comagrav.com\\\/cs\\\/prislusenstvi\\\/\",\"url\":\"https:\\\/\\\/comagrav.com\\\/cs\\\/prislusenstvi\\\/\",\"name\":\"P\u0159\u00edslu\u0161enstv\u00ed a dopl\u0148ky k fr\u00e9zk\u00e1m a plotr\u016fm COMAGRAV - Comagrav\",\"isPartOf\":{\"@id\":\"https:\\\/\\\/comagrav.com\\\/cs\\\/#website\"},\"datePublished\":\"2021-08-26T09:13:57+00:00\",\"dateModified\":\"2025-11-11T11:35:35+00:00\",\"description\":\"Ke stroji Comagrav si vyberte p\u0159\u00edslu\u0161enstv\u00ed pro svou v\u00fdrobu - odv\u00edje\u010d materi\u00e1lu, kamerov\u00fd syst\u00e9m nebo t\u0159eba st\u016fl po up\u00edn\u00e1n\u00ed p\u0159edm\u011bt\u016f.\",\"inLanguage\":\"cs\",\"potentialAction\":[{\"@type\":\"ReadAction\",\"target\":[\"https:\\\/\\\/comagrav.com\\\/cs\\\/prislusenstvi\\\/\"]}]},{\"@type\":\"WebSite\",\"@id\":\"https:\\\/\\\/comagrav.com\\\/cs\\\/#website\",\"url\":\"https:\\\/\\\/comagrav.com\\\/cs\\\/\",\"name\":\"Comagrav\",\"description\":\"\",\"publisher\":{\"@id\":\"https:\\\/\\\/comagrav.com\\\/cs\\\/#organization\"},\"potentialAction\":[{\"@type\":\"SearchAction\",\"target\":{\"@type\":\"EntryPoint\",\"urlTemplate\":\"https:\\\/\\\/comagrav.com\\\/cs\\\/?s={search_term_string}\"},\"query-input\":{\"@type\":\"PropertyValueSpecification\",\"valueRequired\":true,\"valueName\":\"search_term_string\"}}],\"inLanguage\":\"cs\"},{\"@type\":\"Organization\",\"@id\":\"https:\\\/\\\/comagrav.com\\\/cs\\\/#organization\",\"name\":\"COMAGRAV CNC machines\",\"url\":\"https:\\\/\\\/comagrav.com\\\/cs\\\/\",\"logo\":{\"@type\":\"ImageObject\",\"inLanguage\":\"cs\",\"@id\":\"https:\\\/\\\/comagrav.com\\\/cs\\\/#\\\/schema\\\/logo\\\/image\\\/\",\"url\":\"https:\\\/\\\/comagrav.com\\\/wp-content\\\/uploads\\\/2020\\\/07\\\/logo.svg\",\"contentUrl\":\"https:\\\/\\\/comagrav.com\\\/wp-content\\\/uploads\\\/2020\\\/07\\\/logo.svg\",\"caption\":\"COMAGRAV CNC machines\"},\"image\":{\"@id\":\"https:\\\/\\\/comagrav.com\\\/cs\\\/#\\\/schema\\\/logo\\\/image\\\/\"},\"sameAs\":[\"https:\\\/\\\/www.facebook.com\\\/COMAGRAV\"]}]}<\/script>\n<!-- \/ Yoast SEO plugin. -->","yoast_head_json":{"title":"P\u0159\u00edslu\u0161enstv\u00ed a dopl\u0148ky k fr\u00e9zk\u00e1m a plotr\u016fm COMAGRAV - Comagrav","description":"Ke stroji Comagrav si vyberte p\u0159\u00edslu\u0161enstv\u00ed pro svou v\u00fdrobu - odv\u00edje\u010d materi\u00e1lu, kamerov\u00fd syst\u00e9m nebo t\u0159eba st\u016fl po up\u00edn\u00e1n\u00ed p\u0159edm\u011bt\u016f.","robots":{"index":"index","follow":"follow","max-snippet":"max-snippet:-1","max-image-preview":"max-image-preview:large","max-video-preview":"max-video-preview:-1"},"canonical":"https:\/\/comagrav.com\/cs\/prislusenstvi\/","og_locale":"cs_CZ","og_type":"article","og_title":"P\u0159\u00edslu\u0161enstv\u00ed a dopl\u0148ky k fr\u00e9zk\u00e1m a plotr\u016fm COMAGRAV - Comagrav","og_description":"Ke stroji Comagrav si vyberte p\u0159\u00edslu\u0161enstv\u00ed pro svou v\u00fdrobu - odv\u00edje\u010d materi\u00e1lu, kamerov\u00fd syst\u00e9m nebo t\u0159eba st\u016fl po up\u00edn\u00e1n\u00ed p\u0159edm\u011bt\u016f.","og_url":"https:\/\/comagrav.com\/cs\/prislusenstvi\/","og_site_name":"Comagrav","article_publisher":"https:\/\/www.facebook.com\/COMAGRAV","article_modified_time":"2025-11-11T11:35:35+00:00","twitter_card":"summary_large_image","schema":{"@context":"https:\/\/schema.org","@graph":[{"@type":"WebPage","@id":"https:\/\/comagrav.com\/cs\/prislusenstvi\/","url":"https:\/\/comagrav.com\/cs\/prislusenstvi\/","name":"P\u0159\u00edslu\u0161enstv\u00ed a dopl\u0148ky k fr\u00e9zk\u00e1m a plotr\u016fm COMAGRAV - Comagrav","isPartOf":{"@id":"https:\/\/comagrav.com\/cs\/#website"},"datePublished":"2021-08-26T09:13:57+00:00","dateModified":"2025-11-11T11:35:35+00:00","description":"Ke stroji Comagrav si vyberte p\u0159\u00edslu\u0161enstv\u00ed pro svou v\u00fdrobu - odv\u00edje\u010d materi\u00e1lu, kamerov\u00fd syst\u00e9m nebo t\u0159eba st\u016fl po up\u00edn\u00e1n\u00ed p\u0159edm\u011bt\u016f.","inLanguage":"cs","potentialAction":[{"@type":"ReadAction","target":["https:\/\/comagrav.com\/cs\/prislusenstvi\/"]}]},{"@type":"WebSite","@id":"https:\/\/comagrav.com\/cs\/#website","url":"https:\/\/comagrav.com\/cs\/","name":"Comagrav","description":"","publisher":{"@id":"https:\/\/comagrav.com\/cs\/#organization"},"potentialAction":[{"@type":"SearchAction","target":{"@type":"EntryPoint","urlTemplate":"https:\/\/comagrav.com\/cs\/?s={search_term_string}"},"query-input":{"@type":"PropertyValueSpecification","valueRequired":true,"valueName":"search_term_string"}}],"inLanguage":"cs"},{"@type":"Organization","@id":"https:\/\/comagrav.com\/cs\/#organization","name":"COMAGRAV CNC machines","url":"https:\/\/comagrav.com\/cs\/","logo":{"@type":"ImageObject","inLanguage":"cs","@id":"https:\/\/comagrav.com\/cs\/#\/schema\/logo\/image\/","url":"https:\/\/comagrav.com\/wp-content\/uploads\/2020\/07\/logo.svg","contentUrl":"https:\/\/comagrav.com\/wp-content\/uploads\/2020\/07\/logo.svg","caption":"COMAGRAV CNC machines"},"image":{"@id":"https:\/\/comagrav.com\/cs\/#\/schema\/logo\/image\/"},"sameAs":["https:\/\/www.facebook.com\/COMAGRAV"]}]}},"_links":{"self":[{"href":"https:\/\/comagrav.com\/cs\/wp-json\/wp\/v2\/pages\/4015","targetHints":{"allow":["GET"]}}],"collection":[{"href":"https:\/\/comagrav.com\/cs\/wp-json\/wp\/v2\/pages"}],"about":[{"href":"https:\/\/comagrav.com\/cs\/wp-json\/wp\/v2\/types\/page"}],"author":[{"embeddable":true,"href":"https:\/\/comagrav.com\/cs\/wp-json\/wp\/v2\/users\/1"}],"replies":[{"embeddable":true,"href":"https:\/\/comagrav.com\/cs\/wp-json\/wp\/v2\/comments?post=4015"}],"version-history":[{"count":5,"href":"https:\/\/comagrav.com\/cs\/wp-json\/wp\/v2\/pages\/4015\/revisions"}],"predecessor-version":[{"id":9088,"href":"https:\/\/comagrav.com\/cs\/wp-json\/wp\/v2\/pages\/4015\/revisions\/9088"}],"wp:attachment":[{"href":"https:\/\/comagrav.com\/cs\/wp-json\/wp\/v2\/media?parent=4015"}],"curies":[{"name":"wp","href":"https:\/\/api.w.org\/{rel}","templated":true}]}}