{"id":353,"date":"2020-06-30T16:26:08","date_gmt":"2020-06-30T14:26:08","guid":{"rendered":"http:\/\/comagrav.netvarec.cz\/?page_id=353"},"modified":"2025-11-11T12:23:04","modified_gmt":"2025-11-11T11:23:04","slug":"software","status":"publish","type":"page","link":"https:\/\/comagrav.com\/cs\/software\/","title":{"rendered":"Software"},"content":{"rendered":"\n<section class=\"alignwide quote\"><div class=\"inner\"><div class=\"row\"><div class=\"col col--16 col--l-24 col--offset-4 col--l-offset-0\"><h2 class=\"h1 quote__text\">Disponujeme vlastn\u00edm softwarov\u00fdm v\u00fdvojov\u00fdm t\u00fdmem<\/h2><\/div><\/div><\/div><\/section>\n\n\n\n<section class=\"wp-block-comagravblocks-text-with-media alignwide text-with-image is-style-transparent\"><div class=\"inner\"><div class=\"row__wrap\"><div class=\"row flex--v-center row--l-col-reverse\"><div class=\"col col--11 col--l-24\"><div class=\"text-with-image__content text-with-image--with-background__content\">\n<h3 class=\"wp-block-heading\">CNC stroje COMAGRAV dod\u00e1me s kompletn\u00edm softwarov\u00fdm \u0159e\u0161en\u00edm.<\/h3>\n\n\n\n<p>V\u0161e od 2D a 3D grav\u00edrovac\u00edho softwaru po obalov\u00fd design a POS software. Nab\u00edz\u00edme \u0159e\u0161en\u00ed pro zpracov\u00e1n\u00ed d\u0159eva, materi\u00e1l\u016f v rol\u00edch, k\u016f\u017e\u00ed, l\u00e1tek, v\u00fdrobu plast\u016f, grav\u00edrov\u00e1n\u00ed, vakuov\u00e9 tvarov\u00e1n\u00ed, a mnoho dal\u0161\u00edho.<\/p>\n\n\n\n<p>Programy pro p\u0159\u00edpravu drah pro fr\u00e9zov\u00e1n\u00ed a \u0159ez\u00e1n\u00ed&nbsp;<a href=\"https:\/\/www.vectric.com\/\" target=\"_blank\" rel=\"noreferrer noopener\">Vectric<\/a><\/p>\n\n\n\n<p>Programy pro RIP, p\u0159\u00edpravu tisku a \u0159ez\u00e1n\u00ed grafiky&nbsp;<a href=\"https:\/\/www.thinksai.com\/en-eu\/products\/flexi\" target=\"_blank\" rel=\"noreferrer noopener\">SAi Flexi<\/a><\/p>\n\n\n\n<p>Programy pro tvorbu obal\u016f, POS\/POP stojan\u016f&nbsp;<a href=\"https:\/\/www.thinksai.com\/en-eu\/products\/box-and-display\/\" target=\"_blank\" rel=\"noreferrer noopener\">SAi Flexi Display&amp;Box<\/a><\/p>\n\n\n\n<p>Programy pro tvorbu obal\u016f, POS\/POP stojan\u016f&nbsp;<a href=\"https:\/\/www.agcad.co.uk\/software\/kasemake-packaging-design-software\/\" target=\"_blank\" rel=\"noreferrer noopener\">AG\/CAD Kasemake<\/a><\/p>\n<\/div><\/div><div class=\"col col--13 col--l-24\"><div class=\"remote_video\"><iframe loading=\"lazy\" type=\"text\/html\" width=\"120\" height=\"90\" src=\"https:\/\/www.youtube.com\/embed\/playlist?list=PLxntkE5NBm5dSu6Hq2MkLxCLLopesi2KM&#038;rel=0%5C&#038;enablejsapi=1\" frameborder=\"0\" style=\"width: 100%; height: 100%; display: block;\"><\/iframe><\/div><\/div><\/div><\/div><\/div><\/section>\n\n\n\n<section class=\"alignwide quote\"><div class=\"inner\"><div class=\"row\"><div class=\"col col--16 col--l-24 col--offset-4 col--l-offset-0\"><h2 class=\"h1 quote__text\">COMAGRAV podporuje popul\u00e1rn\u00ed RIP softwary pro digit\u00e1ln\u00ed tisk,  p\u0159\u00edprava dat pro \u0159ez\u00e1n\u00ed je ot\u00e1zka okam\u017eiku.<\/h2><\/div><\/div><\/div><\/section>\n\n\n\n<section class=\"wp-block-comagravblocks-text-with-media alignwide text-with-image text-with-image--with-background text-with-image--light text-with-image--reverse is-style-default\"><div class=\"inner\"><div class=\"row__wrap\"><div class=\"row flex--v-center row--l-col-reverse\"><div class=\"col col--11 col--l-24\"><div class=\"text-with-image__content text-with-image--with-background__content\">\n<h3 class=\"wp-block-heading\">\u0158\u00edd\u00edc\u00ed software COMAGRAV TDP PILOT<\/h3>\n\n\n\n<p>\u0158\u00edd\u00edc\u00ed syst\u00e9m stroj\u016f COMAGRAV dostal nov\u00e9 j\u00e1dro a stroje t\u00edm z\u00edskali dal\u0161\u00ed mo\u017enosti roz\u0161i\u0159itelnosti. Nyn\u00ed m\u016f\u017eeme stroje osadit libovoln\u00fdm po\u010dtem modul\u016f. Nen\u00ed pot\u0159eba dal\u0161\u00edch program\u016f pokud pou\u017e\u00edv\u00e1te v\u00edce modul\u016f.<\/p>\n<\/div><\/div><div class=\"col col--13 col--l-24\"><img loading=\"lazy\" decoding=\"async\" src=\"https:\/\/comagrav.com\/wp-content\/uploads\/2020\/07\/modules-medium-DETAIL-HLAVY.jpg\" alt=\"\" width=\"1086\" height=\"768\"\/><\/div><\/div><\/div><\/div><\/section>\n\n\n\n<section class=\"wp-block-comagravblocks-text-with-media alignwide text-with-image text-with-image--with-background text-with-image--light\"><div class=\"inner\"><div class=\"row__wrap\"><div class=\"row flex--v-center row--l-col-reverse\"><div class=\"col col--11 col--l-24\"><div class=\"text-with-image__content text-with-image--with-background__content\">\n<h2 class=\"wp-block-heading\"><\/h2>\n\n\n\n<p>PILOT TDP obsahuje knihovnu materi\u00e1l\u016f a n\u00e1stroj\u016f, oper\u00e1tor si jednodu\u0161e pro sv\u016fj materi\u00e1l vybere n\u00e1stroj z knihovny a spust\u00ed proces \u0159ez\u00e1n\u00ed. <\/p>\n\n\n\n<p>Tato novinka sni\u017euje n\u00e1roky na kvalifikaci obsluhy a zrychluje \u0159ezac\u00ed operace.<\/p>\n<\/div><\/div><div class=\"col col--13 col--l-24\"><img decoding=\"async\" src=\"https:\/\/comagrav.com\/wp-content\/uploads\/2020\/07\/databaze.jpg\" alt=\"\"\/><\/div><\/div><\/div><\/div><\/section>\n\n\n\n<p><\/p>\n\n\n\n<section class=\"alignwide quote\"><div class=\"inner\"><div class=\"row\"><div class=\"col col--16 col--l-24 col--offset-4 col--l-offset-0\"><h2 class=\"h1 quote__text\">V r\u00e1mci dod\u00e1vky nov\u00e9ho stroje je ZDARMA kompletn\u00ed instalace v\u010detn\u011b \u0161kolen\u00ed \u0159\u00edd\u00edc\u00edho softwaru a sezn\u00e1men\u00ed se strojem. \u0160kolen\u00ed prob\u00edh\u00e1 osobn\u011b \u010di online p\u0159es TeamViewer.<\/h2><\/div><\/div><\/div><\/section>\n\n\n\n<section class=\"wp-block-comagravblocks-text-with-media alignwide text-with-image text-with-image--with-background text-with-image--light\"><div class=\"inner\"><div class=\"row__wrap\"><div class=\"row flex--v-center row--l-col-reverse\"><div class=\"col col--11 col--l-24\"><div class=\"text-with-image__content text-with-image--with-background__content\">\n<h3 class=\"wp-block-heading\">Integrovan\u00fd automatick\u00fd kamerov\u00fd syst\u00e9m<\/h3>\n\n\n\n<p>Velk\u00e9 zorn\u00e9 pole kamerov\u00e9ho syst\u00e9mu umo\u017e\u0148uje rychl\u00e9 automatick\u00e9 vyhled\u00e1n\u00ed tiskov\u00fdch referen\u010dn\u00edch zna\u010dek, QR k\u00f3du a to jak na deskov\u00fdch materi\u00e1lech tak i textiln\u00edch. QR k\u00f3d nahraje v\u0161echna data do syst\u00e9mu a po automatick\u00e9m na\u010dten\u00ed k\u00f3du kamerou stroj s\u00e1m \u0159e\u017ee dle zadan\u00fdch hodnot. Jedn\u00e1 se o automatizaci, kdy oper\u00e1tor nemus\u00ed b\u00fdt u stroje p\u0159\u00edtomen a na\u010d\u00edtat soubor za souborem. Spole\u010dn\u011b s automatick\u00fdm odv\u00edje\u010dem materi\u00e1lu a posuvem stolu to znamen\u00e1, t\u00e9m\u011b\u0159 nekone\u010dn\u00e9 \u0159ez\u00e1n\u00ed bez pot\u0159eby asistence obsluhy.<\/p>\n<\/div><\/div><div class=\"col col--13 col--l-24\"><img loading=\"lazy\" decoding=\"async\" src=\"https:\/\/comagrav.com\/wp-content\/uploads\/2020\/07\/Kamerov\u00fd-syst\u00e9m-\u010dten\u00ed-referen\u010dn\u00edch-zna\u010dek-a-QR-k\u00f3du-1-scaled.jpg\" alt=\"\" width=\"2560\" height=\"1707\"\/><\/div><\/div><\/div><\/div><\/section>\n\n\n\n<section class=\"wp-block-comagravblocks-text-with-media alignwide text-with-image text-with-image--with-background text-with-image--light\"><div class=\"inner\"><div class=\"row__wrap\"><div class=\"row flex--v-center row--l-col-reverse\"><div class=\"col col--11 col--l-24\"><div class=\"text-with-image__content text-with-image--with-background__content\">\n<h3 class=\"wp-block-heading\">Jedin\u00fd software COMAGRAV TDP PILOT na v\u0161e<\/h3>\n\n\n\n<p>Sou\u0159adn\u00fd syst\u00e9m v\u016f\u010di rohu stolu \u2013 pozice x-0 a y-0 je na rohu stolu &#8211; jasn\u011b dan\u00fd po\u010d\u00e1tek, obsluha v\u00ed kam zakl\u00e1dat materi\u00e1l. D\u00edky tomu syst\u00e9m kamery a \u010dte\u010dka QR k\u00f3du automaticky vyhled\u00e1 a p\u0159e\u010dte po\u017eadovan\u00fd QR k\u00f3d, kde jsou ulo\u017eeny ve\u0161ker\u00e9 informace pot\u0159ebn\u00e9 k automatick\u00e9mu \u0159ez\u00e1n\u00ed materi\u00e1lu. Obsluha stroje nen\u00ed t\u00e9m\u011b\u0159 pot\u0159eba.<\/p>\n<\/div><\/div><div class=\"col col--13 col--l-24\"><img loading=\"lazy\" decoding=\"async\" src=\"https:\/\/comagrav.com\/wp-content\/uploads\/2020\/07\/COMAGRAV-new-design-1.jpg\" alt=\"\" width=\"1500\" height=\"800\"\/><\/div><\/div><\/div><\/div><\/section>\n","protected":false},"excerpt":{"rendered":"","protected":false},"author":1,"featured_media":0,"parent":0,"menu_order":0,"comment_status":"closed","ping_status":"closed","template":"","meta":{"_acf_changed":false,"footnotes":""},"class_list":["post-353","page","type-page","status-publish","hentry"],"acf":[],"yoast_head":"<!-- This site is optimized with the Yoast SEO plugin v27.3 - https:\/\/yoast.com\/product\/yoast-seo-wordpress\/ -->\n<title>Software - Comagrav<\/title>\n<meta name=\"description\" content=\"CNC stroje COMAGRAV dod\u00e1me s kompletn\u00edm softwarov\u00fdm \u0159e\u0161en\u00edm. \u0158\u00edd\u00edc\u00ed software PILOT je v\u0161estrann\u00fd pracovn\u00ed n\u00e1stroj pro fr\u00e9zov\u00e1n\u00ed a \u0159ez\u00e1n\u00ed.\" \/>\n<meta name=\"robots\" content=\"index, follow, max-snippet:-1, max-image-preview:large, max-video-preview:-1\" \/>\n<link rel=\"canonical\" href=\"https:\/\/comagrav.com\/cs\/software\/\" \/>\n<meta property=\"og:locale\" content=\"cs_CZ\" \/>\n<meta property=\"og:type\" content=\"article\" \/>\n<meta property=\"og:title\" content=\"Software - Comagrav\" \/>\n<meta property=\"og:description\" content=\"CNC stroje COMAGRAV dod\u00e1me s kompletn\u00edm softwarov\u00fdm \u0159e\u0161en\u00edm. \u0158\u00edd\u00edc\u00ed software PILOT je v\u0161estrann\u00fd pracovn\u00ed n\u00e1stroj pro fr\u00e9zov\u00e1n\u00ed a \u0159ez\u00e1n\u00ed.\" \/>\n<meta property=\"og:url\" content=\"https:\/\/comagrav.com\/cs\/software\/\" \/>\n<meta property=\"og:site_name\" content=\"Comagrav\" \/>\n<meta property=\"article:publisher\" content=\"https:\/\/www.facebook.com\/COMAGRAV\" \/>\n<meta property=\"article:modified_time\" content=\"2025-11-11T11:23:04+00:00\" \/>\n<meta property=\"og:image\" content=\"https:\/\/comagrav.com\/wp-content\/uploads\/2020\/07\/modules-medium-DETAIL-HLAVY.jpg\" \/>\n<meta name=\"twitter:card\" content=\"summary_large_image\" \/>\n<meta name=\"twitter:label1\" content=\"Odhadovan\u00e1 doba \u010dten\u00ed\" \/>\n\t<meta name=\"twitter:data1\" content=\"3 minuty\" \/>\n<script type=\"application\/ld+json\" class=\"yoast-schema-graph\">{\"@context\":\"https:\\\/\\\/schema.org\",\"@graph\":[{\"@type\":\"WebPage\",\"@id\":\"https:\\\/\\\/comagrav.com\\\/cs\\\/software\\\/\",\"url\":\"https:\\\/\\\/comagrav.com\\\/cs\\\/software\\\/\",\"name\":\"Software - Comagrav\",\"isPartOf\":{\"@id\":\"https:\\\/\\\/comagrav.com\\\/cs\\\/#website\"},\"primaryImageOfPage\":{\"@id\":\"https:\\\/\\\/comagrav.com\\\/cs\\\/software\\\/#primaryimage\"},\"image\":{\"@id\":\"https:\\\/\\\/comagrav.com\\\/cs\\\/software\\\/#primaryimage\"},\"thumbnailUrl\":\"https:\\\/\\\/comagrav.com\\\/wp-content\\\/uploads\\\/2020\\\/07\\\/modules-medium-DETAIL-HLAVY.jpg\",\"datePublished\":\"2020-06-30T14:26:08+00:00\",\"dateModified\":\"2025-11-11T11:23:04+00:00\",\"description\":\"CNC stroje COMAGRAV dod\u00e1me s kompletn\u00edm softwarov\u00fdm \u0159e\u0161en\u00edm. \u0158\u00edd\u00edc\u00ed software PILOT je v\u0161estrann\u00fd pracovn\u00ed n\u00e1stroj pro fr\u00e9zov\u00e1n\u00ed a \u0159ez\u00e1n\u00ed.\",\"inLanguage\":\"cs\",\"potentialAction\":[{\"@type\":\"ReadAction\",\"target\":[\"https:\\\/\\\/comagrav.com\\\/cs\\\/software\\\/\"]}]},{\"@type\":\"ImageObject\",\"inLanguage\":\"cs\",\"@id\":\"https:\\\/\\\/comagrav.com\\\/cs\\\/software\\\/#primaryimage\",\"url\":\"https:\\\/\\\/comagrav.com\\\/wp-content\\\/uploads\\\/2020\\\/07\\\/modules-medium-DETAIL-HLAVY.jpg\",\"contentUrl\":\"https:\\\/\\\/comagrav.com\\\/wp-content\\\/uploads\\\/2020\\\/07\\\/modules-medium-DETAIL-HLAVY.jpg\"},{\"@type\":\"WebSite\",\"@id\":\"https:\\\/\\\/comagrav.com\\\/cs\\\/#website\",\"url\":\"https:\\\/\\\/comagrav.com\\\/cs\\\/\",\"name\":\"Comagrav\",\"description\":\"\",\"publisher\":{\"@id\":\"https:\\\/\\\/comagrav.com\\\/cs\\\/#organization\"},\"potentialAction\":[{\"@type\":\"SearchAction\",\"target\":{\"@type\":\"EntryPoint\",\"urlTemplate\":\"https:\\\/\\\/comagrav.com\\\/cs\\\/?s={search_term_string}\"},\"query-input\":{\"@type\":\"PropertyValueSpecification\",\"valueRequired\":true,\"valueName\":\"search_term_string\"}}],\"inLanguage\":\"cs\"},{\"@type\":\"Organization\",\"@id\":\"https:\\\/\\\/comagrav.com\\\/cs\\\/#organization\",\"name\":\"COMAGRAV CNC machines\",\"url\":\"https:\\\/\\\/comagrav.com\\\/cs\\\/\",\"logo\":{\"@type\":\"ImageObject\",\"inLanguage\":\"cs\",\"@id\":\"https:\\\/\\\/comagrav.com\\\/cs\\\/#\\\/schema\\\/logo\\\/image\\\/\",\"url\":\"https:\\\/\\\/comagrav.com\\\/wp-content\\\/uploads\\\/2020\\\/07\\\/logo.svg\",\"contentUrl\":\"https:\\\/\\\/comagrav.com\\\/wp-content\\\/uploads\\\/2020\\\/07\\\/logo.svg\",\"caption\":\"COMAGRAV CNC machines\"},\"image\":{\"@id\":\"https:\\\/\\\/comagrav.com\\\/cs\\\/#\\\/schema\\\/logo\\\/image\\\/\"},\"sameAs\":[\"https:\\\/\\\/www.facebook.com\\\/COMAGRAV\"]}]}<\/script>\n<!-- \/ Yoast SEO plugin. -->","yoast_head_json":{"title":"Software - Comagrav","description":"CNC stroje COMAGRAV dod\u00e1me s kompletn\u00edm softwarov\u00fdm \u0159e\u0161en\u00edm. \u0158\u00edd\u00edc\u00ed software PILOT je v\u0161estrann\u00fd pracovn\u00ed n\u00e1stroj pro fr\u00e9zov\u00e1n\u00ed a \u0159ez\u00e1n\u00ed.","robots":{"index":"index","follow":"follow","max-snippet":"max-snippet:-1","max-image-preview":"max-image-preview:large","max-video-preview":"max-video-preview:-1"},"canonical":"https:\/\/comagrav.com\/cs\/software\/","og_locale":"cs_CZ","og_type":"article","og_title":"Software - Comagrav","og_description":"CNC stroje COMAGRAV dod\u00e1me s kompletn\u00edm softwarov\u00fdm \u0159e\u0161en\u00edm. \u0158\u00edd\u00edc\u00ed software PILOT je v\u0161estrann\u00fd pracovn\u00ed n\u00e1stroj pro fr\u00e9zov\u00e1n\u00ed a \u0159ez\u00e1n\u00ed.","og_url":"https:\/\/comagrav.com\/cs\/software\/","og_site_name":"Comagrav","article_publisher":"https:\/\/www.facebook.com\/COMAGRAV","article_modified_time":"2025-11-11T11:23:04+00:00","og_image":[{"url":"https:\/\/comagrav.com\/wp-content\/uploads\/2020\/07\/modules-medium-DETAIL-HLAVY.jpg","type":"","width":"","height":""}],"twitter_card":"summary_large_image","twitter_misc":{"Odhadovan\u00e1 doba \u010dten\u00ed":"3 minuty"},"schema":{"@context":"https:\/\/schema.org","@graph":[{"@type":"WebPage","@id":"https:\/\/comagrav.com\/cs\/software\/","url":"https:\/\/comagrav.com\/cs\/software\/","name":"Software - Comagrav","isPartOf":{"@id":"https:\/\/comagrav.com\/cs\/#website"},"primaryImageOfPage":{"@id":"https:\/\/comagrav.com\/cs\/software\/#primaryimage"},"image":{"@id":"https:\/\/comagrav.com\/cs\/software\/#primaryimage"},"thumbnailUrl":"https:\/\/comagrav.com\/wp-content\/uploads\/2020\/07\/modules-medium-DETAIL-HLAVY.jpg","datePublished":"2020-06-30T14:26:08+00:00","dateModified":"2025-11-11T11:23:04+00:00","description":"CNC stroje COMAGRAV dod\u00e1me s kompletn\u00edm softwarov\u00fdm \u0159e\u0161en\u00edm. \u0158\u00edd\u00edc\u00ed software PILOT je v\u0161estrann\u00fd pracovn\u00ed n\u00e1stroj pro fr\u00e9zov\u00e1n\u00ed a \u0159ez\u00e1n\u00ed.","inLanguage":"cs","potentialAction":[{"@type":"ReadAction","target":["https:\/\/comagrav.com\/cs\/software\/"]}]},{"@type":"ImageObject","inLanguage":"cs","@id":"https:\/\/comagrav.com\/cs\/software\/#primaryimage","url":"https:\/\/comagrav.com\/wp-content\/uploads\/2020\/07\/modules-medium-DETAIL-HLAVY.jpg","contentUrl":"https:\/\/comagrav.com\/wp-content\/uploads\/2020\/07\/modules-medium-DETAIL-HLAVY.jpg"},{"@type":"WebSite","@id":"https:\/\/comagrav.com\/cs\/#website","url":"https:\/\/comagrav.com\/cs\/","name":"Comagrav","description":"","publisher":{"@id":"https:\/\/comagrav.com\/cs\/#organization"},"potentialAction":[{"@type":"SearchAction","target":{"@type":"EntryPoint","urlTemplate":"https:\/\/comagrav.com\/cs\/?s={search_term_string}"},"query-input":{"@type":"PropertyValueSpecification","valueRequired":true,"valueName":"search_term_string"}}],"inLanguage":"cs"},{"@type":"Organization","@id":"https:\/\/comagrav.com\/cs\/#organization","name":"COMAGRAV CNC machines","url":"https:\/\/comagrav.com\/cs\/","logo":{"@type":"ImageObject","inLanguage":"cs","@id":"https:\/\/comagrav.com\/cs\/#\/schema\/logo\/image\/","url":"https:\/\/comagrav.com\/wp-content\/uploads\/2020\/07\/logo.svg","contentUrl":"https:\/\/comagrav.com\/wp-content\/uploads\/2020\/07\/logo.svg","caption":"COMAGRAV CNC machines"},"image":{"@id":"https:\/\/comagrav.com\/cs\/#\/schema\/logo\/image\/"},"sameAs":["https:\/\/www.facebook.com\/COMAGRAV"]}]}},"_links":{"self":[{"href":"https:\/\/comagrav.com\/cs\/wp-json\/wp\/v2\/pages\/353","targetHints":{"allow":["GET"]}}],"collection":[{"href":"https:\/\/comagrav.com\/cs\/wp-json\/wp\/v2\/pages"}],"about":[{"href":"https:\/\/comagrav.com\/cs\/wp-json\/wp\/v2\/types\/page"}],"author":[{"embeddable":true,"href":"https:\/\/comagrav.com\/cs\/wp-json\/wp\/v2\/users\/1"}],"replies":[{"embeddable":true,"href":"https:\/\/comagrav.com\/cs\/wp-json\/wp\/v2\/comments?post=353"}],"version-history":[{"count":4,"href":"https:\/\/comagrav.com\/cs\/wp-json\/wp\/v2\/pages\/353\/revisions"}],"predecessor-version":[{"id":4909,"href":"https:\/\/comagrav.com\/cs\/wp-json\/wp\/v2\/pages\/353\/revisions\/4909"}],"wp:attachment":[{"href":"https:\/\/comagrav.com\/cs\/wp-json\/wp\/v2\/media?parent=353"}],"curies":[{"name":"wp","href":"https:\/\/api.w.org\/{rel}","templated":true}]}}