{"id":351,"date":"2020-06-30T16:25:49","date_gmt":"2020-06-30T14:25:49","guid":{"rendered":"http:\/\/comagrav.netvarec.cz\/?page_id=351"},"modified":"2024-04-12T09:47:24","modified_gmt":"2024-04-12T07:47:24","slug":"stroje","status":"publish","type":"page","link":"https:\/\/comagrav.com\/cs\/stroje\/","title":{"rendered":"Rozcestn\u00edk stroje"},"content":{"rendered":"\n<div class=\"signpost\">\n\t<div class=\"inner\">\n  \t\t<div class=\"row row--h-space-around\">\n\t\t\t<div class=\"col col--10 col--l-21 signpost__posts\">\n\t\t\t\t<div class=\"signpost__circle-background\"><\/div>\n\t\t\t\t\t<div class=\"signpost__image\"><img decoding=\"async\" width=\"888\" height=\"559\" src=\"https:\/\/comagrav.com\/wp-content\/uploads\/2021\/11\/Comagrav_Notus_plus_png_web_2-3-888x559.png\" class=\"attachment-medium size-medium\" alt=\"\" loading=\"lazy\" srcset=\"https:\/\/comagrav.com\/wp-content\/uploads\/2021\/11\/Comagrav_Notus_plus_png_web_2-3-888x559.png 888w, https:\/\/comagrav.com\/wp-content\/uploads\/2021\/11\/Comagrav_Notus_plus_png_web_2-3-1440x907.png 1440w, https:\/\/comagrav.com\/wp-content\/uploads\/2021\/11\/Comagrav_Notus_plus_png_web_2-3-1536x968.png 1536w, https:\/\/comagrav.com\/wp-content\/uploads\/2021\/11\/Comagrav_Notus_plus_png_web_2-3-592x373.png 592w, https:\/\/comagrav.com\/wp-content\/uploads\/2021\/11\/Comagrav_Notus_plus_png_web_2-3.png 2048w\" sizes=\"auto, (max-width: 888px) 100vw, 888px\" \/><\/div>\n\t\t\t\t<a class=\"btn btn--orange btn--more\" href=\"http:\/\/comagrav.com\/cs\/categories\/cnc-routery-a-frezky\/\"><span>CNC routery a fr\u00e9zky<\/span><\/a>\n\t\t\t<\/div>\n\t\t\t\n\t\t\t<div class=\"col col--10 col--l-21 signpost__posts\">\n\t\t\t\t<div class=\"signpost__circle-background\"><\/div>\n\t\t\t\t\t<div class=\"signpost__image\"><img decoding=\"async\" width=\"888\" height=\"559\" src=\"https:\/\/comagrav.com\/wp-content\/uploads\/2021\/06\/DIGI_CORSA_web-1-888x559.png\" class=\"attachment-medium size-medium\" alt=\"\" loading=\"lazy\" srcset=\"https:\/\/comagrav.com\/wp-content\/uploads\/2021\/06\/DIGI_CORSA_web-1-888x559.png 888w, https:\/\/comagrav.com\/wp-content\/uploads\/2021\/06\/DIGI_CORSA_web-1-1440x907.png 1440w, https:\/\/comagrav.com\/wp-content\/uploads\/2021\/06\/DIGI_CORSA_web-1-1536x968.png 1536w, https:\/\/comagrav.com\/wp-content\/uploads\/2021\/06\/DIGI_CORSA_web-1-592x373.png 592w, https:\/\/comagrav.com\/wp-content\/uploads\/2021\/06\/DIGI_CORSA_web-1.png 2048w\" sizes=\"auto, (max-width: 888px) 100vw, 888px\" \/><\/div>\n\t\t\t\t<a class=\"btn btn--orange btn--more\" href=\"http:\/\/comagrav.com\/cs\/categories\/velkoformatove-plotry\/\"><span>Velkoform\u00e1tov\u00e9 plotry<\/span><\/a>\n\t\t\t<\/div>\n\t\t\t<\/div>\t\n\t<\/div>\n<\/div>\n\n\n<div class=\"signpost\">\n\t<div class=\"inner\">\n  \t\t<div class=\"row row--h-space-around\">\n\t\t\t<div class=\"col col--8 col--l-21 signpost__posts\">\n\t\t\t\t<div class=\"signpost__circle-background\"><\/div>\n\t\t\t\t\t<div class=\"signpost__image\"><img decoding=\"async\" width=\"628\" height=\"888\" src=\"https:\/\/comagrav.com\/wp-content\/uploads\/2020\/09\/Rezaci-kolecko-A-628x888.jpeg\" class=\"attachment-medium size-medium\" alt=\"\" loading=\"lazy\" srcset=\"https:\/\/comagrav.com\/wp-content\/uploads\/2020\/09\/Rezaci-kolecko-A-628x888.jpeg 628w, https:\/\/comagrav.com\/wp-content\/uploads\/2020\/09\/Rezaci-kolecko-A-1018x1440.jpeg 1018w, https:\/\/comagrav.com\/wp-content\/uploads\/2020\/09\/Rezaci-kolecko-A-1086x1536.jpeg 1086w, https:\/\/comagrav.com\/wp-content\/uploads\/2020\/09\/Rezaci-kolecko-A-419x592.jpeg 419w, https:\/\/comagrav.com\/wp-content\/uploads\/2020\/09\/Rezaci-kolecko-A.jpeg 1240w\" sizes=\"auto, (max-width: 628px) 100vw, 628px\" \/><\/div>\n\t\t\t\t<a class=\"btn btn--orange btn--more\" href=\"http:\/\/comagrav.com\/cs\/moduly\/\"><span>Moduly<\/span><\/a>\n\t\t\t<\/div>\n\t\t\t\n\t\t\t<div class=\"col col--8 col--l-21 signpost__posts\">\n\t\t\t\t<div class=\"signpost__circle-background\"><\/div>\n\t\t\t\t\t<div class=\"signpost__image\"><img decoding=\"async\" width=\"888\" height=\"559\" src=\"https:\/\/comagrav.com\/wp-content\/uploads\/2021\/11\/Nastroje_stroje_PNG_final-5-888x559.png\" class=\"attachment-medium size-medium\" alt=\"\" loading=\"lazy\" srcset=\"https:\/\/comagrav.com\/wp-content\/uploads\/2021\/11\/Nastroje_stroje_PNG_final-5-888x559.png 888w, https:\/\/comagrav.com\/wp-content\/uploads\/2021\/11\/Nastroje_stroje_PNG_final-5-1440x906.png 1440w, https:\/\/comagrav.com\/wp-content\/uploads\/2021\/11\/Nastroje_stroje_PNG_final-5-1536x966.png 1536w, https:\/\/comagrav.com\/wp-content\/uploads\/2021\/11\/Nastroje_stroje_PNG_final-5-592x372.png 592w, https:\/\/comagrav.com\/wp-content\/uploads\/2021\/11\/Nastroje_stroje_PNG_final-5.png 2000w\" sizes=\"auto, (max-width: 888px) 100vw, 888px\" \/><\/div>\n\t\t\t\t<a class=\"btn btn--orange btn--more\" href=\"http:\/\/comagrav.com\/cs\/nastroje\/\"><span>N\u00e1stroje<\/span><\/a>\n\t\t\t<\/div>\n\t\t\t\n\t\t\t<div class=\"col col--8 col--l-21 signpost__posts\">\n\t\t\t\t<div class=\"signpost__circle-background\"><\/div>\n\t\t\t\t\t<div class=\"signpost__image\"><img decoding=\"async\" width=\"888\" height=\"559\" src=\"https:\/\/comagrav.com\/wp-content\/uploads\/2021\/11\/Prislusenstvi_Stroje-4-888x559.png\" class=\"attachment-medium size-medium\" alt=\"\" loading=\"lazy\" srcset=\"https:\/\/comagrav.com\/wp-content\/uploads\/2021\/11\/Prislusenstvi_Stroje-4-888x559.png 888w, https:\/\/comagrav.com\/wp-content\/uploads\/2021\/11\/Prislusenstvi_Stroje-4-1440x906.png 1440w, https:\/\/comagrav.com\/wp-content\/uploads\/2021\/11\/Prislusenstvi_Stroje-4-1536x966.png 1536w, https:\/\/comagrav.com\/wp-content\/uploads\/2021\/11\/Prislusenstvi_Stroje-4-592x372.png 592w, https:\/\/comagrav.com\/wp-content\/uploads\/2021\/11\/Prislusenstvi_Stroje-4.png 2000w\" sizes=\"auto, (max-width: 888px) 100vw, 888px\" \/><\/div>\n\t\t\t\t<a class=\"btn btn--orange btn--more\" href=\"https:\/\/comagrav.com\/accessories\/\"><span>P\u0159\u00edslu\u0161enstv\u00ed<\/span><\/a>\n\t\t\t<\/div>\n\t\t\t<\/div>\t\n\t<\/div>\n<\/div>","protected":false},"excerpt":{"rendered":"","protected":false},"author":1,"featured_media":0,"parent":0,"menu_order":0,"comment_status":"closed","ping_status":"closed","template":"","meta":{"_acf_changed":false,"footnotes":""},"class_list":["post-351","page","type-page","status-publish","hentry"],"acf":[],"yoast_head":"<!-- This site is optimized with the Yoast SEO plugin v27.3 - https:\/\/yoast.com\/product\/yoast-seo-wordpress\/ -->\n<title>Stroje - Comagrav<\/title>\n<meta name=\"robots\" content=\"index, follow, max-snippet:-1, max-image-preview:large, max-video-preview:-1\" \/>\n<link rel=\"canonical\" href=\"https:\/\/comagrav.com\/cs\/stroje\/\" \/>\n<meta property=\"og:locale\" content=\"cs_CZ\" \/>\n<meta property=\"og:type\" content=\"article\" \/>\n<meta property=\"og:title\" content=\"Stroje - Comagrav\" \/>\n<meta property=\"og:url\" content=\"https:\/\/comagrav.com\/cs\/stroje\/\" \/>\n<meta property=\"og:site_name\" content=\"Comagrav\" \/>\n<meta property=\"article:publisher\" content=\"https:\/\/www.facebook.com\/COMAGRAV\" \/>\n<meta property=\"article:modified_time\" content=\"2024-04-12T07:47:24+00:00\" \/>\n<meta name=\"twitter:card\" content=\"summary_large_image\" \/>\n<script type=\"application\/ld+json\" class=\"yoast-schema-graph\">{\"@context\":\"https:\\\/\\\/schema.org\",\"@graph\":[{\"@type\":\"WebPage\",\"@id\":\"https:\\\/\\\/comagrav.com\\\/cs\\\/stroje\\\/\",\"url\":\"https:\\\/\\\/comagrav.com\\\/cs\\\/stroje\\\/\",\"name\":\"Stroje - Comagrav\",\"isPartOf\":{\"@id\":\"https:\\\/\\\/comagrav.com\\\/cs\\\/#website\"},\"datePublished\":\"2020-06-30T14:25:49+00:00\",\"dateModified\":\"2024-04-12T07:47:24+00:00\",\"inLanguage\":\"cs\",\"potentialAction\":[{\"@type\":\"ReadAction\",\"target\":[\"https:\\\/\\\/comagrav.com\\\/cs\\\/stroje\\\/\"]}]},{\"@type\":\"WebSite\",\"@id\":\"https:\\\/\\\/comagrav.com\\\/cs\\\/#website\",\"url\":\"https:\\\/\\\/comagrav.com\\\/cs\\\/\",\"name\":\"Comagrav\",\"description\":\"\",\"publisher\":{\"@id\":\"https:\\\/\\\/comagrav.com\\\/cs\\\/#organization\"},\"potentialAction\":[{\"@type\":\"SearchAction\",\"target\":{\"@type\":\"EntryPoint\",\"urlTemplate\":\"https:\\\/\\\/comagrav.com\\\/cs\\\/?s={search_term_string}\"},\"query-input\":{\"@type\":\"PropertyValueSpecification\",\"valueRequired\":true,\"valueName\":\"search_term_string\"}}],\"inLanguage\":\"cs\"},{\"@type\":\"Organization\",\"@id\":\"https:\\\/\\\/comagrav.com\\\/cs\\\/#organization\",\"name\":\"COMAGRAV CNC machines\",\"url\":\"https:\\\/\\\/comagrav.com\\\/cs\\\/\",\"logo\":{\"@type\":\"ImageObject\",\"inLanguage\":\"cs\",\"@id\":\"https:\\\/\\\/comagrav.com\\\/cs\\\/#\\\/schema\\\/logo\\\/image\\\/\",\"url\":\"https:\\\/\\\/comagrav.com\\\/wp-content\\\/uploads\\\/2020\\\/07\\\/logo.svg\",\"contentUrl\":\"https:\\\/\\\/comagrav.com\\\/wp-content\\\/uploads\\\/2020\\\/07\\\/logo.svg\",\"caption\":\"COMAGRAV CNC machines\"},\"image\":{\"@id\":\"https:\\\/\\\/comagrav.com\\\/cs\\\/#\\\/schema\\\/logo\\\/image\\\/\"},\"sameAs\":[\"https:\\\/\\\/www.facebook.com\\\/COMAGRAV\"]}]}<\/script>\n<!-- \/ Yoast SEO plugin. -->","yoast_head_json":{"title":"Stroje - Comagrav","robots":{"index":"index","follow":"follow","max-snippet":"max-snippet:-1","max-image-preview":"max-image-preview:large","max-video-preview":"max-video-preview:-1"},"canonical":"https:\/\/comagrav.com\/cs\/stroje\/","og_locale":"cs_CZ","og_type":"article","og_title":"Stroje - Comagrav","og_url":"https:\/\/comagrav.com\/cs\/stroje\/","og_site_name":"Comagrav","article_publisher":"https:\/\/www.facebook.com\/COMAGRAV","article_modified_time":"2024-04-12T07:47:24+00:00","twitter_card":"summary_large_image","schema":{"@context":"https:\/\/schema.org","@graph":[{"@type":"WebPage","@id":"https:\/\/comagrav.com\/cs\/stroje\/","url":"https:\/\/comagrav.com\/cs\/stroje\/","name":"Stroje - Comagrav","isPartOf":{"@id":"https:\/\/comagrav.com\/cs\/#website"},"datePublished":"2020-06-30T14:25:49+00:00","dateModified":"2024-04-12T07:47:24+00:00","inLanguage":"cs","potentialAction":[{"@type":"ReadAction","target":["https:\/\/comagrav.com\/cs\/stroje\/"]}]},{"@type":"WebSite","@id":"https:\/\/comagrav.com\/cs\/#website","url":"https:\/\/comagrav.com\/cs\/","name":"Comagrav","description":"","publisher":{"@id":"https:\/\/comagrav.com\/cs\/#organization"},"potentialAction":[{"@type":"SearchAction","target":{"@type":"EntryPoint","urlTemplate":"https:\/\/comagrav.com\/cs\/?s={search_term_string}"},"query-input":{"@type":"PropertyValueSpecification","valueRequired":true,"valueName":"search_term_string"}}],"inLanguage":"cs"},{"@type":"Organization","@id":"https:\/\/comagrav.com\/cs\/#organization","name":"COMAGRAV CNC machines","url":"https:\/\/comagrav.com\/cs\/","logo":{"@type":"ImageObject","inLanguage":"cs","@id":"https:\/\/comagrav.com\/cs\/#\/schema\/logo\/image\/","url":"https:\/\/comagrav.com\/wp-content\/uploads\/2020\/07\/logo.svg","contentUrl":"https:\/\/comagrav.com\/wp-content\/uploads\/2020\/07\/logo.svg","caption":"COMAGRAV CNC machines"},"image":{"@id":"https:\/\/comagrav.com\/cs\/#\/schema\/logo\/image\/"},"sameAs":["https:\/\/www.facebook.com\/COMAGRAV"]}]}},"_links":{"self":[{"href":"https:\/\/comagrav.com\/cs\/wp-json\/wp\/v2\/pages\/351","targetHints":{"allow":["GET"]}}],"collection":[{"href":"https:\/\/comagrav.com\/cs\/wp-json\/wp\/v2\/pages"}],"about":[{"href":"https:\/\/comagrav.com\/cs\/wp-json\/wp\/v2\/types\/page"}],"author":[{"embeddable":true,"href":"https:\/\/comagrav.com\/cs\/wp-json\/wp\/v2\/users\/1"}],"replies":[{"embeddable":true,"href":"https:\/\/comagrav.com\/cs\/wp-json\/wp\/v2\/comments?post=351"}],"version-history":[{"count":67,"href":"https:\/\/comagrav.com\/cs\/wp-json\/wp\/v2\/pages\/351\/revisions"}],"predecessor-version":[{"id":8669,"href":"https:\/\/comagrav.com\/cs\/wp-json\/wp\/v2\/pages\/351\/revisions\/8669"}],"wp:attachment":[{"href":"https:\/\/comagrav.com\/cs\/wp-json\/wp\/v2\/media?parent=351"}],"curies":[{"name":"wp","href":"https:\/\/api.w.org\/{rel}","templated":true}]}}