{"id":2046,"date":"2020-09-02T08:50:22","date_gmt":"2020-09-02T06:50:22","guid":{"rendered":"http:\/\/comagrav.netvarec.cz\/?page_id=2046"},"modified":"2023-01-02T10:32:08","modified_gmt":"2023-01-02T09:32:08","slug":"nastroje","status":"publish","type":"page","link":"https:\/\/comagrav.com\/cs\/nastroje\/","title":{"rendered":"N\u00e1stroje"},"content":{"rendered":"\n<section class=\"wp-block-comagravblocks-text-with-media alignwide text-with-image is-style-transparent\"><div class=\"inner\"><div class=\"row__wrap\"><div class=\"row flex--v-center row--l-col-reverse\"><div class=\"col col--11 col--l-24\"><div class=\"text-with-image__content text-with-image--with-background__content\">\n<h3 class=\"wp-block-heading\">N\u00e1stroje pro grav\u00edrov\u00e1n\u00ed, fr\u00e9zov\u00e1n\u00ed a \u0159ez\u00e1n\u00ed.<\/h3>\n\n\n\n<p><\/p>\n<\/div><\/div><div class=\"col col--13 col--l-24\"><div class=\"remote_video\"><iframe loading=\"lazy\" type=\"text\/html\" width=\"120\" height=\"90\" src=\"https:\/\/www.youtube.com\/embed\/playlist?list=PLxntkE5NBm5dVrqIqcTH3Q8NecpSVkqPL&#038;rel=0%5C&#038;enablejsapi=1\" frameborder=\"0\" style=\"width: 100%; height: 100%; display: block;\"><\/iframe><\/div><\/div><\/div><\/div><\/div><\/section>\n\n\n\n<h2 class=\"wp-block-heading\">Produktov\u00e9 listy n\u00e1stroj\u016f<\/h2>\n\n\n\n<p>COMAGRAV nab\u00edz\u00ed mnoho r\u016fzn\u00fdch n\u00e1stroj\u016f na fr\u00e9zov\u00e1n\u00ed, grav\u00edrov\u00e1n\u00ed a \u0159ez\u00e1n\u00ed. Vyb\u00edr\u00e1me pro v\u00e1s nejlep\u0161\u00ed n\u00e1stroje od r\u016fzn\u00fdch v\u00fdrobc\u016f a dodavatel\u016f.<\/p>\n\n\n\n<p>V nab\u00eddce najdete stopkov\u00e9 fr\u00e9zy jednob\u0159it\u00e9, dvoub\u0159it\u00e9 i t\u0159\u00edb\u0159it\u00e9. D\u00e1le n\u00e1stroje p\u016flen\u00e9 grav\u00edrovac\u00ed a no\u017ee pro \u0159ez\u00e1n\u00ed na digit\u00e1ln\u00edch plotrech a pro pou\u017eit\u00ed v oscila\u010dn\u00edch no\u017e\u00edch.<\/p>\n\n\n\n<p>Pro aktu\u00e1ln\u00ed nab\u00eddku skladov\u00fdch n\u00e1stroj\u016f si otev\u0159ete PDF a objedn\u00e1vejte.<\/p>\n\n\n\n<p><a class=\"btn services-orange is-style-orange\" href=\"https:\/\/obchod.comagrav.com\/\" target=\"_blank\" rel=\"noreferrer noopener\"><strong>E-SHOP COMAGRAV<\/strong><\/a><\/p>\n\n\n\n<div style=\"height:60px\" aria-hidden=\"true\" class=\"wp-block-spacer\"><\/div>\n\n\n\n<h2 class=\"wp-block-heading\">N\u00e1stroje pro modul U1<\/h2>\n","protected":false},"excerpt":{"rendered":"<p>Produktov\u00e9 listy n\u00e1stroj\u016f COMAGRAV nab\u00edz\u00ed mnoho r\u016fzn\u00fdch n\u00e1stroj\u016f na fr\u00e9zov\u00e1n\u00ed, grav\u00edrov\u00e1n\u00ed a \u0159ez\u00e1n\u00ed. Vyb\u00edr\u00e1me pro v\u00e1s nejlep\u0161\u00ed n\u00e1stroje od r\u016fzn\u00fdch v\u00fdrobc\u016f a dodavatel\u016f. V nab\u00eddce najdete stopkov\u00e9 fr\u00e9zy jednob\u0159it\u00e9, dvoub\u0159it\u00e9 i t\u0159\u00edb\u0159it\u00e9. D\u00e1le n\u00e1stroje p\u016flen\u00e9 grav\u00edrovac\u00ed a no\u017ee pro \u0159ez\u00e1n\u00ed na digit\u00e1ln\u00edch plotrech a pro pou\u017eit\u00ed v oscila\u010dn\u00edch no\u017e\u00edch. Pro aktu\u00e1ln\u00ed nab\u00eddku skladov\u00fdch n\u00e1stroj\u016f si [&hellip;]<\/p>\n","protected":false},"author":1,"featured_media":0,"parent":0,"menu_order":0,"comment_status":"closed","ping_status":"closed","template":"page-tools.php","meta":{"_acf_changed":false,"footnotes":""},"class_list":["post-2046","page","type-page","status-publish","hentry"],"acf":[],"yoast_head":"<!-- This site is optimized with the Yoast SEO plugin v27.3 - https:\/\/yoast.com\/product\/yoast-seo-wordpress\/ -->\n<title>N\u00e1stroje - Comagrav COMAGRAV nab\u00edz\u00ed mnoho r\u016fzn\u00fdch n\u00e1stroj\u016f.<\/title>\n<meta name=\"description\" content=\"COMAGRAV nab\u00edz\u00ed mnoho r\u016fzn\u00fdch n\u00e1stroj\u016f na fr\u00e9zov\u00e1n\u00ed, grav\u00edrov\u00e1n\u00ed a \u0159ez\u00e1n\u00ed. Vyb\u00edr\u00e1me pro v\u00e1s nejlep\u0161\u00ed n\u00e1stroje od r\u016fzn\u00fdch v\u00fdrobc\u016f a dodavatel\u016f.\" \/>\n<meta name=\"robots\" content=\"index, follow, max-snippet:-1, max-image-preview:large, max-video-preview:-1\" \/>\n<link rel=\"canonical\" href=\"https:\/\/comagrav.com\/cs\/nastroje\/\" \/>\n<meta property=\"og:locale\" content=\"cs_CZ\" \/>\n<meta property=\"og:type\" content=\"article\" \/>\n<meta property=\"og:title\" content=\"N\u00e1stroje - Comagrav COMAGRAV nab\u00edz\u00ed mnoho r\u016fzn\u00fdch n\u00e1stroj\u016f.\" \/>\n<meta property=\"og:description\" content=\"COMAGRAV nab\u00edz\u00ed mnoho r\u016fzn\u00fdch n\u00e1stroj\u016f na fr\u00e9zov\u00e1n\u00ed, grav\u00edrov\u00e1n\u00ed a \u0159ez\u00e1n\u00ed. Vyb\u00edr\u00e1me pro v\u00e1s nejlep\u0161\u00ed n\u00e1stroje od r\u016fzn\u00fdch v\u00fdrobc\u016f a dodavatel\u016f.\" \/>\n<meta property=\"og:url\" content=\"https:\/\/comagrav.com\/cs\/nastroje\/\" \/>\n<meta property=\"og:site_name\" content=\"Comagrav\" \/>\n<meta property=\"article:publisher\" content=\"https:\/\/www.facebook.com\/COMAGRAV\" \/>\n<meta property=\"article:modified_time\" content=\"2023-01-02T09:32:08+00:00\" \/>\n<meta name=\"twitter:card\" content=\"summary_large_image\" \/>\n<meta name=\"twitter:label1\" content=\"Odhadovan\u00e1 doba \u010dten\u00ed\" \/>\n\t<meta name=\"twitter:data1\" content=\"1 minuta\" \/>\n<script type=\"application\/ld+json\" class=\"yoast-schema-graph\">{\"@context\":\"https:\\\/\\\/schema.org\",\"@graph\":[{\"@type\":\"WebPage\",\"@id\":\"https:\\\/\\\/comagrav.com\\\/cs\\\/nastroje\\\/\",\"url\":\"https:\\\/\\\/comagrav.com\\\/cs\\\/nastroje\\\/\",\"name\":\"N\u00e1stroje - Comagrav COMAGRAV nab\u00edz\u00ed mnoho r\u016fzn\u00fdch n\u00e1stroj\u016f.\",\"isPartOf\":{\"@id\":\"https:\\\/\\\/comagrav.com\\\/cs\\\/#website\"},\"datePublished\":\"2020-09-02T06:50:22+00:00\",\"dateModified\":\"2023-01-02T09:32:08+00:00\",\"description\":\"COMAGRAV nab\u00edz\u00ed mnoho r\u016fzn\u00fdch n\u00e1stroj\u016f na fr\u00e9zov\u00e1n\u00ed, grav\u00edrov\u00e1n\u00ed a \u0159ez\u00e1n\u00ed. Vyb\u00edr\u00e1me pro v\u00e1s nejlep\u0161\u00ed n\u00e1stroje od r\u016fzn\u00fdch v\u00fdrobc\u016f a dodavatel\u016f.\",\"inLanguage\":\"cs\",\"potentialAction\":[{\"@type\":\"ReadAction\",\"target\":[\"https:\\\/\\\/comagrav.com\\\/cs\\\/nastroje\\\/\"]}]},{\"@type\":\"WebSite\",\"@id\":\"https:\\\/\\\/comagrav.com\\\/cs\\\/#website\",\"url\":\"https:\\\/\\\/comagrav.com\\\/cs\\\/\",\"name\":\"Comagrav\",\"description\":\"\",\"publisher\":{\"@id\":\"https:\\\/\\\/comagrav.com\\\/cs\\\/#organization\"},\"potentialAction\":[{\"@type\":\"SearchAction\",\"target\":{\"@type\":\"EntryPoint\",\"urlTemplate\":\"https:\\\/\\\/comagrav.com\\\/cs\\\/?s={search_term_string}\"},\"query-input\":{\"@type\":\"PropertyValueSpecification\",\"valueRequired\":true,\"valueName\":\"search_term_string\"}}],\"inLanguage\":\"cs\"},{\"@type\":\"Organization\",\"@id\":\"https:\\\/\\\/comagrav.com\\\/cs\\\/#organization\",\"name\":\"COMAGRAV CNC machines\",\"url\":\"https:\\\/\\\/comagrav.com\\\/cs\\\/\",\"logo\":{\"@type\":\"ImageObject\",\"inLanguage\":\"cs\",\"@id\":\"https:\\\/\\\/comagrav.com\\\/cs\\\/#\\\/schema\\\/logo\\\/image\\\/\",\"url\":\"https:\\\/\\\/comagrav.com\\\/wp-content\\\/uploads\\\/2020\\\/07\\\/logo.svg\",\"contentUrl\":\"https:\\\/\\\/comagrav.com\\\/wp-content\\\/uploads\\\/2020\\\/07\\\/logo.svg\",\"caption\":\"COMAGRAV CNC machines\"},\"image\":{\"@id\":\"https:\\\/\\\/comagrav.com\\\/cs\\\/#\\\/schema\\\/logo\\\/image\\\/\"},\"sameAs\":[\"https:\\\/\\\/www.facebook.com\\\/COMAGRAV\"]}]}<\/script>\n<!-- \/ Yoast SEO plugin. -->","yoast_head_json":{"title":"N\u00e1stroje - Comagrav COMAGRAV nab\u00edz\u00ed mnoho r\u016fzn\u00fdch n\u00e1stroj\u016f.","description":"COMAGRAV nab\u00edz\u00ed mnoho r\u016fzn\u00fdch n\u00e1stroj\u016f na fr\u00e9zov\u00e1n\u00ed, grav\u00edrov\u00e1n\u00ed a \u0159ez\u00e1n\u00ed. Vyb\u00edr\u00e1me pro v\u00e1s nejlep\u0161\u00ed n\u00e1stroje od r\u016fzn\u00fdch v\u00fdrobc\u016f a dodavatel\u016f.","robots":{"index":"index","follow":"follow","max-snippet":"max-snippet:-1","max-image-preview":"max-image-preview:large","max-video-preview":"max-video-preview:-1"},"canonical":"https:\/\/comagrav.com\/cs\/nastroje\/","og_locale":"cs_CZ","og_type":"article","og_title":"N\u00e1stroje - Comagrav COMAGRAV nab\u00edz\u00ed mnoho r\u016fzn\u00fdch n\u00e1stroj\u016f.","og_description":"COMAGRAV nab\u00edz\u00ed mnoho r\u016fzn\u00fdch n\u00e1stroj\u016f na fr\u00e9zov\u00e1n\u00ed, grav\u00edrov\u00e1n\u00ed a \u0159ez\u00e1n\u00ed. Vyb\u00edr\u00e1me pro v\u00e1s nejlep\u0161\u00ed n\u00e1stroje od r\u016fzn\u00fdch v\u00fdrobc\u016f a dodavatel\u016f.","og_url":"https:\/\/comagrav.com\/cs\/nastroje\/","og_site_name":"Comagrav","article_publisher":"https:\/\/www.facebook.com\/COMAGRAV","article_modified_time":"2023-01-02T09:32:08+00:00","twitter_card":"summary_large_image","twitter_misc":{"Odhadovan\u00e1 doba \u010dten\u00ed":"1 minuta"},"schema":{"@context":"https:\/\/schema.org","@graph":[{"@type":"WebPage","@id":"https:\/\/comagrav.com\/cs\/nastroje\/","url":"https:\/\/comagrav.com\/cs\/nastroje\/","name":"N\u00e1stroje - Comagrav COMAGRAV nab\u00edz\u00ed mnoho r\u016fzn\u00fdch n\u00e1stroj\u016f.","isPartOf":{"@id":"https:\/\/comagrav.com\/cs\/#website"},"datePublished":"2020-09-02T06:50:22+00:00","dateModified":"2023-01-02T09:32:08+00:00","description":"COMAGRAV nab\u00edz\u00ed mnoho r\u016fzn\u00fdch n\u00e1stroj\u016f na fr\u00e9zov\u00e1n\u00ed, grav\u00edrov\u00e1n\u00ed a \u0159ez\u00e1n\u00ed. Vyb\u00edr\u00e1me pro v\u00e1s nejlep\u0161\u00ed n\u00e1stroje od r\u016fzn\u00fdch v\u00fdrobc\u016f a dodavatel\u016f.","inLanguage":"cs","potentialAction":[{"@type":"ReadAction","target":["https:\/\/comagrav.com\/cs\/nastroje\/"]}]},{"@type":"WebSite","@id":"https:\/\/comagrav.com\/cs\/#website","url":"https:\/\/comagrav.com\/cs\/","name":"Comagrav","description":"","publisher":{"@id":"https:\/\/comagrav.com\/cs\/#organization"},"potentialAction":[{"@type":"SearchAction","target":{"@type":"EntryPoint","urlTemplate":"https:\/\/comagrav.com\/cs\/?s={search_term_string}"},"query-input":{"@type":"PropertyValueSpecification","valueRequired":true,"valueName":"search_term_string"}}],"inLanguage":"cs"},{"@type":"Organization","@id":"https:\/\/comagrav.com\/cs\/#organization","name":"COMAGRAV CNC machines","url":"https:\/\/comagrav.com\/cs\/","logo":{"@type":"ImageObject","inLanguage":"cs","@id":"https:\/\/comagrav.com\/cs\/#\/schema\/logo\/image\/","url":"https:\/\/comagrav.com\/wp-content\/uploads\/2020\/07\/logo.svg","contentUrl":"https:\/\/comagrav.com\/wp-content\/uploads\/2020\/07\/logo.svg","caption":"COMAGRAV CNC machines"},"image":{"@id":"https:\/\/comagrav.com\/cs\/#\/schema\/logo\/image\/"},"sameAs":["https:\/\/www.facebook.com\/COMAGRAV"]}]}},"_links":{"self":[{"href":"https:\/\/comagrav.com\/cs\/wp-json\/wp\/v2\/pages\/2046","targetHints":{"allow":["GET"]}}],"collection":[{"href":"https:\/\/comagrav.com\/cs\/wp-json\/wp\/v2\/pages"}],"about":[{"href":"https:\/\/comagrav.com\/cs\/wp-json\/wp\/v2\/types\/page"}],"author":[{"embeddable":true,"href":"https:\/\/comagrav.com\/cs\/wp-json\/wp\/v2\/users\/1"}],"replies":[{"embeddable":true,"href":"https:\/\/comagrav.com\/cs\/wp-json\/wp\/v2\/comments?post=2046"}],"version-history":[{"count":9,"href":"https:\/\/comagrav.com\/cs\/wp-json\/wp\/v2\/pages\/2046\/revisions"}],"predecessor-version":[{"id":4923,"href":"https:\/\/comagrav.com\/cs\/wp-json\/wp\/v2\/pages\/2046\/revisions\/4923"}],"wp:attachment":[{"href":"https:\/\/comagrav.com\/cs\/wp-json\/wp\/v2\/media?parent=2046"}],"curies":[{"name":"wp","href":"https:\/\/api.w.org\/{rel}","templated":true}]}}