{"id":1729,"date":"2020-08-25T13:40:42","date_gmt":"2020-08-25T11:40:42","guid":{"rendered":"http:\/\/comagrav.netvarec.cz\/?page_id=1729"},"modified":"2021-11-15T11:17:58","modified_gmt":"2021-11-15T10:17:58","slug":"gdpr","status":"publish","type":"page","link":"https:\/\/comagrav.com\/cs\/gdpr\/","title":{"rendered":"GDPR"},"content":{"rendered":"\n<p style=\"font-size:32px\"><strong>Z\u00e1sady ochrany a zpracov\u00e1n\u00ed osobn\u00edch \u00fadaj\u016f, pou\u017e\u00edv\u00e1n\u00ed cookies<\/strong><\/p>\n\n\n\n<p>Na t\u00e9to str\u00e1nce najdete informace o tom, jak zpracov\u00e1v\u00e1me osobn\u00ed \u00fadaje na\u0161ich z\u00e1kazn\u00edk\u016f, n\u00e1v\u0161t\u011bvn\u00edk\u016f webu i odb\u011bratel\u016f novinek, a jak pou\u017e\u00edv\u00e1me soubory cookies. Je pro n\u00e1s velice d\u016fle\u017eit\u00e9, aby byla Va\u0161e data v bezpe\u010d\u00ed, a proto je zpracov\u00e1v\u00e1me dle platn\u00fdch pr\u00e1vn\u00edch p\u0159edpis\u016f a s pat\u0159i\u010dn\u00fdm respektem.<\/p>\n\n\n\n<p><strong>Kdo je spr\u00e1vcem osobn\u00edch \u00fadaj\u016f?<\/strong><\/p>\n\n\n\n<p>Spr\u00e1vcem Va\u0161ich osobn\u00edch \u00fadaj\u016f je spole\u010dnost Comac, spol. s.r.o., I\u010c 15887111, se s s\u00eddlem Jeremenkova 763\/88, Praha 4, 14000, zapsan\u00e1 u M\u011bstsk\u00e9ho soudu v Praze pod spisovou zna\u010dkou C 1020 (d\u00e1le jen ,,Spr\u00e1vce\u201c). Jako\u017eto spr\u00e1vce ur\u010dujeme, jak budou osobn\u00ed \u00fadaje zpracov\u00e1v\u00e1ny a za jak\u00fdm \u00fa\u010delem, po jak dlouhou dobu a vyb\u00edr\u00e1me p\u0159\u00edpadn\u00e9 dal\u0161\u00ed zpracovatele, kte\u0159\u00ed n\u00e1m se zpracov\u00e1n\u00edm budou pom\u00e1hat.<\/p>\n\n\n\n<p><strong>Jak\u00e9 osobn\u00ed \u00fadaje zpracov\u00e1v\u00e1me?<br><\/strong>Osobn\u00ed \u00fadaje z\u00edsk\u00e1v\u00e1me prost\u0159ednictv\u00edm n\u00e1v\u0161t\u011bvy na\u0161ich webov\u00fdch str\u00e1nek, vypln\u011bn\u00ed kontaktn\u00edho formul\u00e1\u0159e nebo p\u0159ihl\u00e1\u0161en\u00ed k odb\u011bru novinek, d\u00e1le na z\u00e1klad\u011b projeven\u00e9ho z\u00e1jmu o na\u0161e zbo\u017e\u00ed \u010di slu\u017eby nebo obchodn\u00edch a jin\u00fdch partnerstv\u00ed.<\/p>\n\n\n\n<p>Zpracov\u00e1v\u00e1me:<\/p>\n\n\n\n<ul class=\"wp-block-list\"><li>jm\u00e9no a p\u0159\u00edjmen\u00ed,<\/li><li>n\u00e1zev, s\u00eddlo, I\u010c a DI\u010c obchodn\u00ed firmy,<\/li><li>kontaktn\u00ed email a telefonn\u00ed \u010d\u00edslo.<\/li><\/ul>\n\n\n\n<p><strong>Za jak\u00fdm \u00fa\u010delem Va\u0161e osobn\u00ed \u00fadaje zpracov\u00e1v\u00e1me?<\/strong><\/p>\n\n\n\n<p>Osobn\u00ed \u00fadaje, kter\u00e9 n\u00e1m sv\u011b\u0159\u00edte, zpracov\u00e1v\u00e1me z n\u00e1sleduj\u00edc\u00edch d\u016fvod\u016f:<\/p>\n\n\n\n<ul class=\"wp-block-list\"><li>zas\u00edl\u00e1n\u00ed odpov\u011bd\u00ed na Va\u0161e dotazy a popt\u00e1vky,<\/li><li>poskytov\u00e1n\u00ed slu\u017eeb, pln\u011bn\u00ed smlouvy,<\/li><li>veden\u00ed \u00fa\u010detnictv\u00ed, z\u00e1konn\u00e1 povinnost pro vystavov\u00e1n\u00ed a evidenci da\u0148ov\u00fdch doklad\u016f jste-li na\u0161imi z\u00e1kazn\u00edky nebo obchodn\u00edmi partnery,<\/li><li>p\u0159\u00edm\u00fd marketing &#8211; zas\u00edl\u00e1n\u00ed newsletter\u016f a obchodn\u00edch sd\u011blen\u00ed, v\u010detn\u011b anal\u00fdzy na co klik\u00e1te v e-mailu a kdy je nej\u010dast\u011bji otev\u00edr\u00e1te. Jste-li na\u0161\u00edm z\u00e1kazn\u00edkem, projevil jste v minulosti z\u00e1jem o na\u0161e slu\u017eby a produkty \u010di jste-li na\u0161\u00edm obchodn\u00edm partnerem, d\u011bl\u00e1me tak z opr\u00e1vn\u011bn\u00e9ho z\u00e1jmu, nebo\u0165 d\u016fvodn\u011b p\u0159edpokl\u00e1d\u00e1me, \u017ee V\u00e1s na\u0161e novinky zaj\u00edmaj\u00ed, a to po dobu 10 let od posledn\u00edho kontaktu. D\u00e1le V\u00e1m m\u016f\u017eeme zas\u00edlat newslettery jen na z\u00e1klad\u011b va\u0161eho souhlasu, a to po dobu 10 let od ud\u011blen\u00ed. V obou p\u0159\u00edpadech m\u016f\u017eete tento souhlas odvolat pou\u017eit\u00edm odhla\u0161ovac\u00edho odkazu v ka\u017ed\u00e9m zaslan\u00e9m e-mailu.<\/li><li>pokro\u010dil\u00fd marketing &#8211; na z\u00e1klad\u011b Va\u0161eho souhlasu V\u00e1m m\u016f\u017eeme zas\u00edlat tak\u00e9 inspiruj\u00edc\u00ed nab\u00eddky t\u0159et\u00edch osob nebo vyu\u017e\u00edt e-mailovou adresu nap\u0159. pro remarketing a c\u00edlen\u00ed reklamy na Facebooku, a to po dobu 10 let od ud\u011blen\u00ed souhlasu. Ten lze samoz\u0159ejm\u011b kdykoli odvolat prost\u0159ednictv\u00edm na\u0161ich kontaktn\u00edch \u00fadaj\u016f.,<\/li><li>fotografick\u00e1 dokumentace \u2013 eventy (veletrhy, dny otev\u0159en\u00fdch dve\u0159\u00ed, atd.), fotografie poskytnut\u00e9 z\u00e1kazn\u00edky k propaga\u010dn\u00edm \u00fa\u010del\u016fm.<\/li><\/ul>\n\n\n\n<p>Va\u0161e osobn\u00ed \u00fadaje si ponech\u00e1v\u00e1me po dobu b\u011bhu proml\u010dec\u00edch lh\u016ft, pokud z\u00e1kon nestanov\u00ed del\u0161\u00ed dobu k jejich uchov\u00e1n\u00ed nebo jsme v konkr\u00e9tn\u00edch p\u0159\u00edpadech neuvedli jinak.<\/p>\n\n\n\n<p><strong>Jak pou\u017e\u00edv\u00e1me cookies?<\/strong><\/p>\n\n\n\n<p>P\u0159i proch\u00e1zen\u00ed na\u0161ich webov\u00fdch str\u00e1nek zaznamen\u00e1v\u00e1me Va\u0161i IP adresu, jak dlouho se na str\u00e1nce zdr\u017e\u00edte, a ze kter\u00e9 str\u00e1nky p\u0159ich\u00e1z\u00edte. Pou\u017e\u00edv\u00e1n\u00ed cookies pro m\u011b\u0159en\u00ed n\u00e1v\u0161t\u011bvnosti webu a p\u0159izp\u016fsoben\u00ed zobrazen\u00ed webov\u00fdch str\u00e1nek vn\u00edm\u00e1me jako sv\u016fj opr\u00e1vn\u011bn\u00fd z\u00e1jem spr\u00e1vce, nebo\u0165 v\u011b\u0159\u00edme, \u017ee d\u00edky tomu v\u00e1m m\u016f\u017eeme nab\u00eddnout je\u0161t\u011b lep\u0161\u00ed slu\u017eby. Cookies pro c\u00edlen\u00ed reklamy budou zpracov\u00e1v\u00e1ny jen na z\u00e1klad\u011b Va\u0161eho souhlasu. Na\u0161e webov\u00e9 str\u00e1nky lze proch\u00e1zet tak\u00e9 v re\u017eimu, kter\u00fd neumo\u017e\u0148uje sb\u00edr\u00e1n\u00ed osobn\u00edch \u00fadaj\u016f. Pou\u017e\u00edv\u00e1n\u00ed cookies m\u016f\u017eete na sv\u00e9m po\u010d\u00edta\u010di zak\u00e1zat.<\/p>\n\n\n\n<p><strong>Jak jsou Va\u0161e osobn\u00ed \u00fadaje zabezpe\u010deny?<\/strong><\/p>\n\n\n\n<p>Chr\u00e1n\u00edme osobn\u00ed \u00fadaje v maxim\u00e1ln\u00ed mo\u017en\u00e9 m\u00ed\u0159e pomoc\u00ed modern\u00edch technologi\u00ed, kter\u00e9 odpov\u00eddaj\u00ed stupni technick\u00e9ho rozvoje. Chr\u00e1n\u00edme je, jako kdyby byly na\u0161e vlastn\u00ed. P\u0159ijali jsme a udr\u017eujeme ve\u0161ker\u00e1 mo\u017en\u00e1 (aktu\u00e1ln\u011b zn\u00e1m\u00e1) technick\u00e1 a organiza\u010dn\u00ed opat\u0159en\u00ed, kter\u00e1 zamezuj\u00ed zneu\u017eit\u00ed, po\u0161kozen\u00ed nebo zni\u010den\u00ed va\u0161ich osobn\u00edch \u00fadaj\u016f.<\/p>\n\n\n\n<p><strong>Komu<\/strong><strong> Va\u0161e osobn\u00ed \u00fadaje p\u0159ed\u00e1v\u00e1me?<\/strong><\/p>\n\n\n\n<p>K Va\u0161im osobn\u00edm \u00fadaj\u016fm maj\u00ed p\u0159\u00edstup na\u0161i zam\u011bstnanci a spolupracovn\u00edci, kte\u0159\u00ed jsou v\u00e1z\u00e1ni ml\u010denlivost\u00ed. Pro zaji\u0161t\u011bn\u00ed konkr\u00e9tn\u00edch zpracovatelsk\u00fdch operac\u00ed, kter\u00e9 nedok\u00e1\u017eeme zajistit vlastn\u00edmi silami, vyu\u017e\u00edv\u00e1me slu\u017eeb a aplikac\u00ed zpracovatel\u016f, kte\u0159\u00ed um\u00ed data ochr\u00e1nit je\u0161t\u011b l\u00e9pe ne\u017e my a na dan\u00e9 zpracov\u00e1n\u00ed se specializuj\u00ed. Jsou to tito poskytovatel\u00e9 a poskytovatel\u00e9 t\u011bchto platforem:<\/p>\n\n\n\n<ul class=\"wp-block-list\"><li>Netvarec, s.r.o.,<\/li><li>Facebook,<\/li><li>Google Ireland ltd.,<\/li><li>Seznam.cz, a.s.,<\/li><li>Smartselling, s.r.o.,<\/li><li>Stormware, s.r.o.<\/li><\/ul>\n\n\n\n<p>Je mo\u017en\u00e9, \u017ee se v budoucnu rozhodneme vyu\u017e\u00edt dal\u0161\u00ed aplikace \u010di zpracovatele, pro usnadn\u011bn\u00ed a zkvalitn\u011bn\u00ed zpracov\u00e1n\u00ed. Slibujeme V\u00e1m v\u0161ak, \u017ee v takov\u00e9m p\u0159\u00edpad\u011b p\u0159i v\u00fdb\u011bru, budeme na zpracovatele kl\u00e1st minim\u00e1ln\u011b stejn\u00e9 n\u00e1roky na zabezpe\u010den\u00ed a kvalitu zpracov\u00e1n\u00ed jako na sebe.<br>Data zpracov\u00e1v\u00e1me v\u00fdhradn\u011b v Evropsk\u00e9 unii nebo v zem\u00edch, kter\u00e9 zaji\u0161\u0165uj\u00ed odpov\u00eddaj\u00edc\u00ed \u00farove\u0148 ochrany na z\u00e1klad\u011b rozhodnut\u00ed Evropsk\u00e9 komise.<\/p>\n\n\n\n<p><strong>Jak\u00e9 jsou na\u0161e povinnosti?<\/strong><\/p>\n\n\n\n<p>Prohla\u0161ujeme, \u017ee jako spr\u00e1vce Va\u0161ich osobn\u00edch \u00fadaj\u016f spl\u0148ujeme ve\u0161ker\u00e9 z\u00e1konn\u00e9 povinnosti vy\u017eadovan\u00e9 platnou legislativou, zejm\u00e9na z\u00e1konem o ochran\u011b osobn\u00edch \u00fadaj\u016f a GDPR, a tedy \u017ee:<\/p>\n\n\n\n<ul class=\"wp-block-list\"><li>budeme zpracov\u00e1vat Va\u0161e osobn\u00ed \u00fadaje jen na z\u00e1klad\u011b platn\u00e9ho pr\u00e1vn\u00edho d\u016fvodu, a to p\u0159edev\u0161\u00edm opr\u00e1vn\u011bn\u00e9ho z\u00e1jmu, pln\u011bn\u00ed smlouvy, z\u00e1konn\u00e9 povinnosti \u010di ud\u011blen\u00e9ho souhlasu,<\/li><li>pln\u00edme dle \u010dl\u00e1nku 13 GDPR informa\u010dn\u00ed povinnost je\u0161t\u011b p\u0159ed zah\u00e1jen\u00edm zpracov\u00e1n\u00ed osobn\u00edch \u00fadaj\u016f,<\/li><li>umo\u017en\u00edme V\u00e1m a budeme V\u00e1s podporovat v uplat\u0148ov\u00e1n\u00ed a pln\u011bn\u00ed va\u0161ich pr\u00e1v podle z\u00e1kona o ochran\u011b osobn\u00edch \u00fadaj\u016f a GDPR.<\/li><\/ul>\n\n\n\n<p><strong>Jak\u00e1 jsou Va\u0161e pr\u00e1va z hlediska ochrany osobn\u00edch \u00fadaj\u016f?<\/strong><\/p>\n\n\n\n<p>V souvislosti s ochranou osobn\u00edch \u00fadaj\u016f m\u00e1te \u0159adu pr\u00e1v. Pokud budete cht\u00edt n\u011bkter\u00e9ho z t\u011bchto pr\u00e1v vyu\u017e\u00edt, pros\u00edm, kontaktujte n\u00e1s prost\u0159ednictv\u00edm e-mailu: <a href=\"mailto:info@comagrav.com\">info@comagrav.com<\/a>. <\/p>\n\n\n\n<p>V r\u00e1mci ochrany osobn\u00edch \u00fadaj\u016f m\u00e1te tato pr\u00e1va:<\/p>\n\n\n\n<ul class=\"wp-block-list\"><li>pr\u00e1vo na informace, kter\u00e9 je pln\u011bno ji\u017e touto informa\u010dn\u00ed str\u00e1nkou se z\u00e1sadami zpracov\u00e1n\u00ed osobn\u00edch \u00fadaj\u016f,<\/li><li>pr\u00e1vo na p\u0159\u00edstup, d\u00edky n\u011bmu\u017e n\u00e1s m\u016f\u017eete kdykoli vyzvat a my v\u00e1m ve lh\u016ft\u011b 14 pracovn\u00edch dn\u00ed dolo\u017e\u00edme, jak\u00e9 Va\u0161e osobn\u00ed \u00fadaje zpracov\u00e1v\u00e1me a pro\u010d,<\/li><li>pokud se u V\u00e1s n\u011bco zm\u011bn\u00ed nebo shled\u00e1te sv\u00e9 osobn\u00ed \u00fadaje neaktu\u00e1ln\u00ed nebo ne\u00fapln\u00e9, m\u00e1te pr\u00e1vo na dopln\u011bn\u00ed a zm\u011bnu osobn\u00edch \u00fadaj\u016f,<\/li><li>pr\u00e1vo na omezen\u00ed zpracov\u00e1n\u00ed m\u016f\u017eete vyu\u017e\u00edt, pokud se domn\u00edv\u00e1te, \u017ee zpracov\u00e1v\u00e1me Va\u0161e nep\u0159esn\u00e9 \u00fadaje, domn\u00edv\u00e1te se, \u017ee prov\u00e1d\u00edme zpracov\u00e1n\u00ed nez\u00e1konn\u011b, ale nechcete v\u0161echny \u00fadaje smazat nebo pokud jste vznesli n\u00e1mitku proti zpracov\u00e1n\u00ed. Omezit m\u016f\u017eete rozsah osobn\u00edch \u00fadaj\u016f nebo \u00fa\u010del\u016f zpracov\u00e1n\u00ed (nap\u0159. odhl\u00e1\u0161en\u00edm z newsletteru omezujete \u00fa\u010del zpracov\u00e1n\u00ed pro zas\u00edl\u00e1n\u00ed obchodn\u00edch sd\u011blen\u00ed).<\/li><li>pokud byste cht\u011bli sv\u00e9 osobn\u00ed \u00fadaje vz\u00edt a p\u0159en\u00e9st k n\u011bkomu jin\u00e9mu, budeme postupovat stejn\u011b jako p\u0159i vyu\u017eit\u00ed pr\u00e1va na p\u0159\u00edstup, jen s t\u00edm rozd\u00edlem, \u017ee V\u00e1m informace dod\u00e1me ve strojov\u011b \u010diteln\u00e9 podob\u011b, k \u010demu\u017e pot\u0159ebujeme alespo\u0148 14 dn\u00ed.<\/li><li>Va\u0161\u00edm dal\u0161\u00edm pr\u00e1vem je pr\u00e1vo na v\u00fdmaz (b\u00fdt zapomenut). Nechceme na V\u00e1s zapomenout, ale pokud si to budete p\u0159\u00e1t, m\u00e1te na to pr\u00e1vo. V takov\u00e9m p\u0159\u00edpad\u011b vyma\u017eeme ve\u0161ker\u00e9 Va\u0161e osobn\u00ed \u00fadaje ze sv\u00e9ho syst\u00e9mu i ze syst\u00e9m\u016f v\u0161ech d\u00edl\u010d\u00edch zpracovatel\u016f a z\u00e1loh. Na zaji\u0161t\u011bn\u00ed pr\u00e1va na v\u00fdmaz pot\u0159ebujeme 14 dn\u00ed. V n\u011bkter\u00fdch p\u0159\u00edpadech jsme v\u00e1z\u00e1ni z\u00e1konnou povinnost\u00ed, a nap\u0159. mus\u00edme evidovat vystaven\u00e9 da\u0148ov\u00e9 doklady po lh\u016ftu stanovenou z\u00e1konem. V tomto p\u0159\u00edpad\u011b tedy sma\u017eeme v\u0161echny takov\u00e9 osobn\u00ed \u00fadaje, kter\u00e9 nejsou v\u00e1z\u00e1ny jin\u00fdm z\u00e1konem. O dokon\u010den\u00ed v\u00fdmazu V\u00e1s budeme informovat na e-mail.<\/li><li>pr\u00e1vo na st\u00ed\u017enost u \u00da\u0159adu na ochranu osobn\u00edch \u00fadaj\u016f. Pokud m\u00e1te pocit, \u017ee s Va\u0161imi \u00fadaji nezach\u00e1z\u00edme v souladu se z\u00e1konem, m\u00e1te pr\u00e1vo se se svou st\u00ed\u017enost\u00ed kdykoli obr\u00e1tit na \u00da\u0159ad pro ochranu osobn\u00edch \u00fadaj\u016f. Budeme moc r\u00e1di, pokud nejprve budete o tomto podez\u0159en\u00ed informovat n\u00e1s, abychom s t\u00edm mohli n\u011bco ud\u011blat a p\u0159\u00edpadn\u00e9 pochyben\u00ed napravit.<\/li><li>pr\u00e1vo na odhl\u00e1\u0161en\u00ed ze zas\u00edl\u00e1n\u00ed newsletter\u016f a obchodn\u00edch sd\u011blen\u00ed. E-maily s inspirac\u00ed, \u010dl\u00e1nky \u010di produkty nebo slu\u017ebami V\u00e1m zas\u00edl\u00e1me na z\u00e1klad\u011b na\u0161eho opr\u00e1vn\u011bn\u00e9ho z\u00e1jmu nebo na z\u00e1klad\u011b Va\u0161eho souhlasu. V obou p\u0159\u00edpadech m\u016f\u017eete ukon\u010dit odb\u011br na\u0161ich e-mail\u016f stisknut\u00edm odhla\u0161ovac\u00edho odkazu v ka\u017ed\u00e9m zaslan\u00e9m e-mailu.<\/li><\/ul>\n\n\n\n<p><strong>Kontaktn\u00ed \u00fadaje<\/strong><\/p>\n\n\n\n<p>Pokud se na n\u00e1s budete cht\u00edt v pr\u016fb\u011bhu zpracov\u00e1n\u00ed obr\u00e1tit, m\u016f\u017eete n\u00e1s kontaktovat na telefonn\u00edm \u010d\u00edsle: +420 317 778 022 nebo na e-mailu: <a href=\"mailto:info@comagrav.com\">info@comagrav.com<\/a>.<\/p>\n\n\n\n<p>Spr\u00e1vce si vyhrazuje pr\u00e1vo upravovat tyto Z\u00e1sady bez p\u0159edchoz\u00edho upozorn\u011bn\u00ed. Aktu\u00e1ln\u00ed verze Z\u00e1sad ochrany osobn\u00edch \u00fadaj\u016f je v\u017edy k nalezen\u00ed na webov\u00fdch str\u00e1nk\u00e1ch <a href=\"http:\/\/www.comagrav.com\/\">www.comagrav.com<\/a>.<\/p>\n","protected":false},"excerpt":{"rendered":"<p>Z\u00e1sady ochrany a zpracov\u00e1n\u00ed osobn\u00edch \u00fadaj\u016f, pou\u017e\u00edv\u00e1n\u00ed cookies Na t\u00e9to str\u00e1nce najdete informace o tom, jak zpracov\u00e1v\u00e1me osobn\u00ed \u00fadaje na\u0161ich z\u00e1kazn\u00edk\u016f, n\u00e1v\u0161t\u011bvn\u00edk\u016f webu i odb\u011bratel\u016f novinek, a jak pou\u017e\u00edv\u00e1me soubory cookies. Je pro n\u00e1s velice d\u016fle\u017eit\u00e9, aby byla Va\u0161e data v bezpe\u010d\u00ed, a proto je zpracov\u00e1v\u00e1me dle platn\u00fdch pr\u00e1vn\u00edch p\u0159edpis\u016f a s pat\u0159i\u010dn\u00fdm respektem. Kdo [&hellip;]<\/p>\n","protected":false},"author":1,"featured_media":0,"parent":0,"menu_order":0,"comment_status":"closed","ping_status":"closed","template":"","meta":{"_acf_changed":false,"footnotes":""},"class_list":["post-1729","page","type-page","status-publish","hentry"],"acf":[],"yoast_head":"<!-- This site is optimized with the Yoast SEO plugin v27.3 - https:\/\/yoast.com\/product\/yoast-seo-wordpress\/ -->\n<title>GDPR - Comagrav<\/title>\n<meta name=\"robots\" content=\"index, follow, max-snippet:-1, max-image-preview:large, max-video-preview:-1\" \/>\n<link rel=\"canonical\" href=\"https:\/\/comagrav.com\/cs\/gdpr\/\" \/>\n<meta property=\"og:locale\" content=\"cs_CZ\" \/>\n<meta property=\"og:type\" content=\"article\" \/>\n<meta property=\"og:title\" content=\"GDPR - Comagrav\" \/>\n<meta property=\"og:description\" content=\"Z\u00e1sady ochrany a zpracov\u00e1n\u00ed osobn\u00edch \u00fadaj\u016f, pou\u017e\u00edv\u00e1n\u00ed cookies Na t\u00e9to str\u00e1nce najdete informace o tom, jak zpracov\u00e1v\u00e1me osobn\u00ed \u00fadaje na\u0161ich z\u00e1kazn\u00edk\u016f, n\u00e1v\u0161t\u011bvn\u00edk\u016f webu i odb\u011bratel\u016f novinek, a jak pou\u017e\u00edv\u00e1me soubory cookies. Je pro n\u00e1s velice d\u016fle\u017eit\u00e9, aby byla Va\u0161e data v bezpe\u010d\u00ed, a proto je zpracov\u00e1v\u00e1me dle platn\u00fdch pr\u00e1vn\u00edch p\u0159edpis\u016f a s pat\u0159i\u010dn\u00fdm respektem. Kdo [&hellip;]\" \/>\n<meta property=\"og:url\" content=\"https:\/\/comagrav.com\/cs\/gdpr\/\" \/>\n<meta property=\"og:site_name\" content=\"Comagrav\" \/>\n<meta property=\"article:publisher\" content=\"https:\/\/www.facebook.com\/COMAGRAV\" \/>\n<meta property=\"article:modified_time\" content=\"2021-11-15T10:17:58+00:00\" \/>\n<meta name=\"twitter:card\" content=\"summary_large_image\" \/>\n<meta name=\"twitter:label1\" content=\"Odhadovan\u00e1 doba \u010dten\u00ed\" \/>\n\t<meta name=\"twitter:data1\" content=\"6 minut\" \/>\n<script type=\"application\/ld+json\" class=\"yoast-schema-graph\">{\"@context\":\"https:\\\/\\\/schema.org\",\"@graph\":[{\"@type\":\"WebPage\",\"@id\":\"https:\\\/\\\/comagrav.com\\\/cs\\\/gdpr\\\/\",\"url\":\"https:\\\/\\\/comagrav.com\\\/cs\\\/gdpr\\\/\",\"name\":\"GDPR - Comagrav\",\"isPartOf\":{\"@id\":\"https:\\\/\\\/comagrav.com\\\/cs\\\/#website\"},\"datePublished\":\"2020-08-25T11:40:42+00:00\",\"dateModified\":\"2021-11-15T10:17:58+00:00\",\"inLanguage\":\"cs\",\"potentialAction\":[{\"@type\":\"ReadAction\",\"target\":[\"https:\\\/\\\/comagrav.com\\\/cs\\\/gdpr\\\/\"]}]},{\"@type\":\"WebSite\",\"@id\":\"https:\\\/\\\/comagrav.com\\\/cs\\\/#website\",\"url\":\"https:\\\/\\\/comagrav.com\\\/cs\\\/\",\"name\":\"Comagrav\",\"description\":\"\",\"publisher\":{\"@id\":\"https:\\\/\\\/comagrav.com\\\/cs\\\/#organization\"},\"potentialAction\":[{\"@type\":\"SearchAction\",\"target\":{\"@type\":\"EntryPoint\",\"urlTemplate\":\"https:\\\/\\\/comagrav.com\\\/cs\\\/?s={search_term_string}\"},\"query-input\":{\"@type\":\"PropertyValueSpecification\",\"valueRequired\":true,\"valueName\":\"search_term_string\"}}],\"inLanguage\":\"cs\"},{\"@type\":\"Organization\",\"@id\":\"https:\\\/\\\/comagrav.com\\\/cs\\\/#organization\",\"name\":\"COMAGRAV CNC machines\",\"url\":\"https:\\\/\\\/comagrav.com\\\/cs\\\/\",\"logo\":{\"@type\":\"ImageObject\",\"inLanguage\":\"cs\",\"@id\":\"https:\\\/\\\/comagrav.com\\\/cs\\\/#\\\/schema\\\/logo\\\/image\\\/\",\"url\":\"https:\\\/\\\/comagrav.com\\\/wp-content\\\/uploads\\\/2020\\\/07\\\/logo.svg\",\"contentUrl\":\"https:\\\/\\\/comagrav.com\\\/wp-content\\\/uploads\\\/2020\\\/07\\\/logo.svg\",\"caption\":\"COMAGRAV CNC machines\"},\"image\":{\"@id\":\"https:\\\/\\\/comagrav.com\\\/cs\\\/#\\\/schema\\\/logo\\\/image\\\/\"},\"sameAs\":[\"https:\\\/\\\/www.facebook.com\\\/COMAGRAV\"]}]}<\/script>\n<!-- \/ Yoast SEO plugin. -->","yoast_head_json":{"title":"GDPR - Comagrav","robots":{"index":"index","follow":"follow","max-snippet":"max-snippet:-1","max-image-preview":"max-image-preview:large","max-video-preview":"max-video-preview:-1"},"canonical":"https:\/\/comagrav.com\/cs\/gdpr\/","og_locale":"cs_CZ","og_type":"article","og_title":"GDPR - Comagrav","og_description":"Z\u00e1sady ochrany a zpracov\u00e1n\u00ed osobn\u00edch \u00fadaj\u016f, pou\u017e\u00edv\u00e1n\u00ed cookies Na t\u00e9to str\u00e1nce najdete informace o tom, jak zpracov\u00e1v\u00e1me osobn\u00ed \u00fadaje na\u0161ich z\u00e1kazn\u00edk\u016f, n\u00e1v\u0161t\u011bvn\u00edk\u016f webu i odb\u011bratel\u016f novinek, a jak pou\u017e\u00edv\u00e1me soubory cookies. Je pro n\u00e1s velice d\u016fle\u017eit\u00e9, aby byla Va\u0161e data v bezpe\u010d\u00ed, a proto je zpracov\u00e1v\u00e1me dle platn\u00fdch pr\u00e1vn\u00edch p\u0159edpis\u016f a s pat\u0159i\u010dn\u00fdm respektem. Kdo [&hellip;]","og_url":"https:\/\/comagrav.com\/cs\/gdpr\/","og_site_name":"Comagrav","article_publisher":"https:\/\/www.facebook.com\/COMAGRAV","article_modified_time":"2021-11-15T10:17:58+00:00","twitter_card":"summary_large_image","twitter_misc":{"Odhadovan\u00e1 doba \u010dten\u00ed":"6 minut"},"schema":{"@context":"https:\/\/schema.org","@graph":[{"@type":"WebPage","@id":"https:\/\/comagrav.com\/cs\/gdpr\/","url":"https:\/\/comagrav.com\/cs\/gdpr\/","name":"GDPR - Comagrav","isPartOf":{"@id":"https:\/\/comagrav.com\/cs\/#website"},"datePublished":"2020-08-25T11:40:42+00:00","dateModified":"2021-11-15T10:17:58+00:00","inLanguage":"cs","potentialAction":[{"@type":"ReadAction","target":["https:\/\/comagrav.com\/cs\/gdpr\/"]}]},{"@type":"WebSite","@id":"https:\/\/comagrav.com\/cs\/#website","url":"https:\/\/comagrav.com\/cs\/","name":"Comagrav","description":"","publisher":{"@id":"https:\/\/comagrav.com\/cs\/#organization"},"potentialAction":[{"@type":"SearchAction","target":{"@type":"EntryPoint","urlTemplate":"https:\/\/comagrav.com\/cs\/?s={search_term_string}"},"query-input":{"@type":"PropertyValueSpecification","valueRequired":true,"valueName":"search_term_string"}}],"inLanguage":"cs"},{"@type":"Organization","@id":"https:\/\/comagrav.com\/cs\/#organization","name":"COMAGRAV CNC machines","url":"https:\/\/comagrav.com\/cs\/","logo":{"@type":"ImageObject","inLanguage":"cs","@id":"https:\/\/comagrav.com\/cs\/#\/schema\/logo\/image\/","url":"https:\/\/comagrav.com\/wp-content\/uploads\/2020\/07\/logo.svg","contentUrl":"https:\/\/comagrav.com\/wp-content\/uploads\/2020\/07\/logo.svg","caption":"COMAGRAV CNC machines"},"image":{"@id":"https:\/\/comagrav.com\/cs\/#\/schema\/logo\/image\/"},"sameAs":["https:\/\/www.facebook.com\/COMAGRAV"]}]}},"_links":{"self":[{"href":"https:\/\/comagrav.com\/cs\/wp-json\/wp\/v2\/pages\/1729","targetHints":{"allow":["GET"]}}],"collection":[{"href":"https:\/\/comagrav.com\/cs\/wp-json\/wp\/v2\/pages"}],"about":[{"href":"https:\/\/comagrav.com\/cs\/wp-json\/wp\/v2\/types\/page"}],"author":[{"embeddable":true,"href":"https:\/\/comagrav.com\/cs\/wp-json\/wp\/v2\/users\/1"}],"replies":[{"embeddable":true,"href":"https:\/\/comagrav.com\/cs\/wp-json\/wp\/v2\/comments?post=1729"}],"version-history":[{"count":5,"href":"https:\/\/comagrav.com\/cs\/wp-json\/wp\/v2\/pages\/1729\/revisions"}],"predecessor-version":[{"id":4058,"href":"https:\/\/comagrav.com\/cs\/wp-json\/wp\/v2\/pages\/1729\/revisions\/4058"}],"wp:attachment":[{"href":"https:\/\/comagrav.com\/cs\/wp-json\/wp\/v2\/media?parent=1729"}],"curies":[{"name":"wp","href":"https:\/\/api.w.org\/{rel}","templated":true}]}}