{"id":1467,"date":"2020-08-17T11:58:21","date_gmt":"2020-08-17T09:58:21","guid":{"rendered":"http:\/\/comagrav.netvarec.cz\/?page_id=1467"},"modified":"2025-11-11T12:38:14","modified_gmt":"2025-11-11T11:38:14","slug":"moduly","status":"publish","type":"page","link":"https:\/\/comagrav.com\/cs\/moduly\/","title":{"rendered":"Moduly"},"content":{"rendered":"\n<section class=\"alignwide text-with-image text-with-image--reverse\"><div class=\"inner\"><div class=\"row flex--v-center\"><div class=\"col col--13 col--offset-2 col--l-24 col--l-offset-0\"><div class=\"text-with-image__image_wrap\"><img loading=\"lazy\" decoding=\"async\" src=\"https:\/\/comagrav.com\/wp-content\/uploads\/2021\/12\/IMG_4335_1-1.png\" alt=\"\" width=\"3044\" height=\"2335\"\/><\/div><\/div><div class=\"col col--9 col--l-24 text-left text-with-image__content\">\n<h2 class=\"wp-block-heading\">Moduly ke stroj\u016fm COMAGRAV<\/h2>\n<\/div><\/div><\/div><\/section>\n\n\n\n<section class=\"wp-block-comagravblocks-text-with-media alignwide text-with-image is-style-transparent\"><div class=\"inner\"><div class=\"row__wrap\"><div class=\"row flex--v-center row--l-col-reverse\"><div class=\"col col--11 col--l-24\"><div class=\"text-with-image__content text-with-image--with-background__content\">\n<h2 class=\"wp-block-heading\"><\/h2>\n\n\n\n<p><\/p>\n<\/div><\/div><div class=\"col col--13 col--l-24\"><div class=\"remote_video\"><iframe loading=\"lazy\" type=\"text\/html\" width=\"120\" height=\"90\" src=\"https:\/\/www.youtube.com\/embed\/playlist?list=PLxntkE5NBm5dBziiZVvD9Q_m0ebWWhC15&#038;rel=0%5C&#038;enablejsapi=1\" frameborder=\"0\" style=\"width: 100%; height: 100%; display: block;\"><\/iframe><\/div><\/div><\/div><\/div><\/div><\/section>\n","protected":false},"excerpt":{"rendered":"","protected":false},"author":1,"featured_media":1016,"parent":0,"menu_order":0,"comment_status":"closed","ping_status":"closed","template":"page-modules.php","meta":{"_acf_changed":false,"footnotes":""},"class_list":["post-1467","page","type-page","status-publish","has-post-thumbnail","hentry"],"acf":[],"yoast_head":"<!-- This site is optimized with the Yoast SEO plugin v27.3 - https:\/\/yoast.com\/product\/yoast-seo-wordpress\/ -->\n<title>\u0158ezac\u00ed a popisovac\u00ed moduly pro lep\u0161\u00ed funk\u010dnost stroj\u016f Comagrav - Comagrav<\/title>\n<meta name=\"description\" content=\"Ke stroji Comagrav si vyberte moduly pro \u0159ez\u00e1n\u00ed, rilov\u00e1n\u00ed, fr\u00e9zov\u00e1n\u00ed i dal\u0161\u00ed v\u00fdbavu a p\u0159\u00edslu\u0161enstv\u00ed, kter\u00e1 usnadn\u00ed v\u00fdrobu.\" \/>\n<meta name=\"robots\" content=\"index, follow, max-snippet:-1, max-image-preview:large, max-video-preview:-1\" \/>\n<link rel=\"canonical\" href=\"https:\/\/comagrav.com\/cs\/moduly\/\" \/>\n<meta property=\"og:locale\" content=\"cs_CZ\" \/>\n<meta property=\"og:type\" content=\"article\" \/>\n<meta property=\"og:title\" content=\"\u0158ezac\u00ed a popisovac\u00ed moduly pro lep\u0161\u00ed funk\u010dnost stroj\u016f Comagrav - Comagrav\" \/>\n<meta property=\"og:description\" content=\"Ke stroji Comagrav si vyberte moduly pro \u0159ez\u00e1n\u00ed, rilov\u00e1n\u00ed, fr\u00e9zov\u00e1n\u00ed i dal\u0161\u00ed v\u00fdbavu a p\u0159\u00edslu\u0161enstv\u00ed, kter\u00e1 usnadn\u00ed v\u00fdrobu.\" \/>\n<meta property=\"og:url\" content=\"https:\/\/comagrav.com\/cs\/moduly\/\" \/>\n<meta property=\"og:site_name\" content=\"Comagrav\" \/>\n<meta property=\"article:publisher\" content=\"https:\/\/www.facebook.com\/COMAGRAV\" \/>\n<meta property=\"article:modified_time\" content=\"2025-11-11T11:38:14+00:00\" \/>\n<meta property=\"og:image\" content=\"https:\/\/comagrav.com\/wp-content\/uploads\/2020\/07\/modules-medium-DETAIL-HLAVY.jpg\" \/>\n\t<meta property=\"og:image:width\" content=\"1086\" \/>\n\t<meta property=\"og:image:height\" content=\"768\" \/>\n\t<meta property=\"og:image:type\" content=\"image\/jpeg\" \/>\n<meta name=\"twitter:card\" content=\"summary_large_image\" \/>\n<meta name=\"twitter:label1\" content=\"Odhadovan\u00e1 doba \u010dten\u00ed\" \/>\n\t<meta name=\"twitter:data1\" content=\"1 minuta\" \/>\n<script type=\"application\/ld+json\" class=\"yoast-schema-graph\">{\"@context\":\"https:\\\/\\\/schema.org\",\"@graph\":[{\"@type\":\"WebPage\",\"@id\":\"https:\\\/\\\/comagrav.com\\\/cs\\\/moduly\\\/\",\"url\":\"https:\\\/\\\/comagrav.com\\\/cs\\\/moduly\\\/\",\"name\":\"\u0158ezac\u00ed a popisovac\u00ed moduly pro lep\u0161\u00ed funk\u010dnost stroj\u016f Comagrav - Comagrav\",\"isPartOf\":{\"@id\":\"https:\\\/\\\/comagrav.com\\\/cs\\\/#website\"},\"primaryImageOfPage\":{\"@id\":\"https:\\\/\\\/comagrav.com\\\/cs\\\/moduly\\\/#primaryimage\"},\"image\":{\"@id\":\"https:\\\/\\\/comagrav.com\\\/cs\\\/moduly\\\/#primaryimage\"},\"thumbnailUrl\":\"https:\\\/\\\/comagrav.com\\\/wp-content\\\/uploads\\\/2020\\\/07\\\/modules-medium-DETAIL-HLAVY.jpg\",\"datePublished\":\"2020-08-17T09:58:21+00:00\",\"dateModified\":\"2025-11-11T11:38:14+00:00\",\"description\":\"Ke stroji Comagrav si vyberte moduly pro \u0159ez\u00e1n\u00ed, rilov\u00e1n\u00ed, fr\u00e9zov\u00e1n\u00ed i dal\u0161\u00ed v\u00fdbavu a p\u0159\u00edslu\u0161enstv\u00ed, kter\u00e1 usnadn\u00ed v\u00fdrobu.\",\"inLanguage\":\"cs\",\"potentialAction\":[{\"@type\":\"ReadAction\",\"target\":[\"https:\\\/\\\/comagrav.com\\\/cs\\\/moduly\\\/\"]}]},{\"@type\":\"ImageObject\",\"inLanguage\":\"cs\",\"@id\":\"https:\\\/\\\/comagrav.com\\\/cs\\\/moduly\\\/#primaryimage\",\"url\":\"https:\\\/\\\/comagrav.com\\\/wp-content\\\/uploads\\\/2020\\\/07\\\/modules-medium-DETAIL-HLAVY.jpg\",\"contentUrl\":\"https:\\\/\\\/comagrav.com\\\/wp-content\\\/uploads\\\/2020\\\/07\\\/modules-medium-DETAIL-HLAVY.jpg\",\"width\":1086,\"height\":768,\"caption\":\"\u0159ezac\u00ed a fr\u00e9zovac\u00ed plotr moduly\"},{\"@type\":\"WebSite\",\"@id\":\"https:\\\/\\\/comagrav.com\\\/cs\\\/#website\",\"url\":\"https:\\\/\\\/comagrav.com\\\/cs\\\/\",\"name\":\"Comagrav\",\"description\":\"\",\"publisher\":{\"@id\":\"https:\\\/\\\/comagrav.com\\\/cs\\\/#organization\"},\"potentialAction\":[{\"@type\":\"SearchAction\",\"target\":{\"@type\":\"EntryPoint\",\"urlTemplate\":\"https:\\\/\\\/comagrav.com\\\/cs\\\/?s={search_term_string}\"},\"query-input\":{\"@type\":\"PropertyValueSpecification\",\"valueRequired\":true,\"valueName\":\"search_term_string\"}}],\"inLanguage\":\"cs\"},{\"@type\":\"Organization\",\"@id\":\"https:\\\/\\\/comagrav.com\\\/cs\\\/#organization\",\"name\":\"COMAGRAV CNC machines\",\"url\":\"https:\\\/\\\/comagrav.com\\\/cs\\\/\",\"logo\":{\"@type\":\"ImageObject\",\"inLanguage\":\"cs\",\"@id\":\"https:\\\/\\\/comagrav.com\\\/cs\\\/#\\\/schema\\\/logo\\\/image\\\/\",\"url\":\"https:\\\/\\\/comagrav.com\\\/wp-content\\\/uploads\\\/2020\\\/07\\\/logo.svg\",\"contentUrl\":\"https:\\\/\\\/comagrav.com\\\/wp-content\\\/uploads\\\/2020\\\/07\\\/logo.svg\",\"caption\":\"COMAGRAV CNC machines\"},\"image\":{\"@id\":\"https:\\\/\\\/comagrav.com\\\/cs\\\/#\\\/schema\\\/logo\\\/image\\\/\"},\"sameAs\":[\"https:\\\/\\\/www.facebook.com\\\/COMAGRAV\"]}]}<\/script>\n<!-- \/ Yoast SEO plugin. -->","yoast_head_json":{"title":"\u0158ezac\u00ed a popisovac\u00ed moduly pro lep\u0161\u00ed funk\u010dnost stroj\u016f Comagrav - Comagrav","description":"Ke stroji Comagrav si vyberte moduly pro \u0159ez\u00e1n\u00ed, rilov\u00e1n\u00ed, fr\u00e9zov\u00e1n\u00ed i dal\u0161\u00ed v\u00fdbavu a p\u0159\u00edslu\u0161enstv\u00ed, kter\u00e1 usnadn\u00ed v\u00fdrobu.","robots":{"index":"index","follow":"follow","max-snippet":"max-snippet:-1","max-image-preview":"max-image-preview:large","max-video-preview":"max-video-preview:-1"},"canonical":"https:\/\/comagrav.com\/cs\/moduly\/","og_locale":"cs_CZ","og_type":"article","og_title":"\u0158ezac\u00ed a popisovac\u00ed moduly pro lep\u0161\u00ed funk\u010dnost stroj\u016f Comagrav - Comagrav","og_description":"Ke stroji Comagrav si vyberte moduly pro \u0159ez\u00e1n\u00ed, rilov\u00e1n\u00ed, fr\u00e9zov\u00e1n\u00ed i dal\u0161\u00ed v\u00fdbavu a p\u0159\u00edslu\u0161enstv\u00ed, kter\u00e1 usnadn\u00ed v\u00fdrobu.","og_url":"https:\/\/comagrav.com\/cs\/moduly\/","og_site_name":"Comagrav","article_publisher":"https:\/\/www.facebook.com\/COMAGRAV","article_modified_time":"2025-11-11T11:38:14+00:00","og_image":[{"width":1086,"height":768,"url":"https:\/\/comagrav.com\/wp-content\/uploads\/2020\/07\/modules-medium-DETAIL-HLAVY.jpg","type":"image\/jpeg"}],"twitter_card":"summary_large_image","twitter_misc":{"Odhadovan\u00e1 doba \u010dten\u00ed":"1 minuta"},"schema":{"@context":"https:\/\/schema.org","@graph":[{"@type":"WebPage","@id":"https:\/\/comagrav.com\/cs\/moduly\/","url":"https:\/\/comagrav.com\/cs\/moduly\/","name":"\u0158ezac\u00ed a popisovac\u00ed moduly pro lep\u0161\u00ed funk\u010dnost stroj\u016f Comagrav - Comagrav","isPartOf":{"@id":"https:\/\/comagrav.com\/cs\/#website"},"primaryImageOfPage":{"@id":"https:\/\/comagrav.com\/cs\/moduly\/#primaryimage"},"image":{"@id":"https:\/\/comagrav.com\/cs\/moduly\/#primaryimage"},"thumbnailUrl":"https:\/\/comagrav.com\/wp-content\/uploads\/2020\/07\/modules-medium-DETAIL-HLAVY.jpg","datePublished":"2020-08-17T09:58:21+00:00","dateModified":"2025-11-11T11:38:14+00:00","description":"Ke stroji Comagrav si vyberte moduly pro \u0159ez\u00e1n\u00ed, rilov\u00e1n\u00ed, fr\u00e9zov\u00e1n\u00ed i dal\u0161\u00ed v\u00fdbavu a p\u0159\u00edslu\u0161enstv\u00ed, kter\u00e1 usnadn\u00ed v\u00fdrobu.","inLanguage":"cs","potentialAction":[{"@type":"ReadAction","target":["https:\/\/comagrav.com\/cs\/moduly\/"]}]},{"@type":"ImageObject","inLanguage":"cs","@id":"https:\/\/comagrav.com\/cs\/moduly\/#primaryimage","url":"https:\/\/comagrav.com\/wp-content\/uploads\/2020\/07\/modules-medium-DETAIL-HLAVY.jpg","contentUrl":"https:\/\/comagrav.com\/wp-content\/uploads\/2020\/07\/modules-medium-DETAIL-HLAVY.jpg","width":1086,"height":768,"caption":"\u0159ezac\u00ed a fr\u00e9zovac\u00ed plotr moduly"},{"@type":"WebSite","@id":"https:\/\/comagrav.com\/cs\/#website","url":"https:\/\/comagrav.com\/cs\/","name":"Comagrav","description":"","publisher":{"@id":"https:\/\/comagrav.com\/cs\/#organization"},"potentialAction":[{"@type":"SearchAction","target":{"@type":"EntryPoint","urlTemplate":"https:\/\/comagrav.com\/cs\/?s={search_term_string}"},"query-input":{"@type":"PropertyValueSpecification","valueRequired":true,"valueName":"search_term_string"}}],"inLanguage":"cs"},{"@type":"Organization","@id":"https:\/\/comagrav.com\/cs\/#organization","name":"COMAGRAV CNC machines","url":"https:\/\/comagrav.com\/cs\/","logo":{"@type":"ImageObject","inLanguage":"cs","@id":"https:\/\/comagrav.com\/cs\/#\/schema\/logo\/image\/","url":"https:\/\/comagrav.com\/wp-content\/uploads\/2020\/07\/logo.svg","contentUrl":"https:\/\/comagrav.com\/wp-content\/uploads\/2020\/07\/logo.svg","caption":"COMAGRAV CNC machines"},"image":{"@id":"https:\/\/comagrav.com\/cs\/#\/schema\/logo\/image\/"},"sameAs":["https:\/\/www.facebook.com\/COMAGRAV"]}]}},"_links":{"self":[{"href":"https:\/\/comagrav.com\/cs\/wp-json\/wp\/v2\/pages\/1467","targetHints":{"allow":["GET"]}}],"collection":[{"href":"https:\/\/comagrav.com\/cs\/wp-json\/wp\/v2\/pages"}],"about":[{"href":"https:\/\/comagrav.com\/cs\/wp-json\/wp\/v2\/types\/page"}],"author":[{"embeddable":true,"href":"https:\/\/comagrav.com\/cs\/wp-json\/wp\/v2\/users\/1"}],"replies":[{"embeddable":true,"href":"https:\/\/comagrav.com\/cs\/wp-json\/wp\/v2\/comments?post=1467"}],"version-history":[{"count":5,"href":"https:\/\/comagrav.com\/cs\/wp-json\/wp\/v2\/pages\/1467\/revisions"}],"predecessor-version":[{"id":9089,"href":"https:\/\/comagrav.com\/cs\/wp-json\/wp\/v2\/pages\/1467\/revisions\/9089"}],"wp:featuredmedia":[{"embeddable":true,"href":"https:\/\/comagrav.com\/cs\/wp-json\/wp\/v2\/media\/1016"}],"wp:attachment":[{"href":"https:\/\/comagrav.com\/cs\/wp-json\/wp\/v2\/media?parent=1467"}],"curies":[{"name":"wp","href":"https:\/\/api.w.org\/{rel}","templated":true}]}}